{"id":5276,"date":"2020-03-23T16:12:53","date_gmt":"2020-03-23T16:12:53","guid":{"rendered":"https:\/\/evotek.md\/?post_type=product&#038;p=5276"},"modified":"2020-03-23T16:12:53","modified_gmt":"2020-03-23T16:12:53","slug":"grill-lava-electric-emp-7le030","status":"publish","type":"product","link":"https:\/\/evotek.md\/ro\/produse\/echipamente-termice\/grill-lava-2-2\/grill-lava-electric-emp-7le030\/","title":{"rendered":"GRILL LAVA ELECTRIC -EMP.7LE030"},"content":{"rendered":"<p><strong>GRILL LAVA ELECTRIC -EMP.7LE030- <\/strong>v\u0103 permite s\u0103 pr\u0103ji\u021bi \u0219i s\u0103 coace\u021bi. Temperatura reglabil\u0103 v\u0103 permite s\u0103 g\u0103ti\u021bi p\u00e2n\u0103 la gradul de preg\u0103tire necesar. Se folose\u0219te la \u00eentreprinderile de alimenta\u021bie public\u0103 \u0219i comer\u021b pentru pr\u0103jirea c\u0103rnii, pe\u0219tilor \u0219i legumelor. Un recipient cu ap\u0103 v\u0103 permite s\u0103 g\u0103ti\u021bi cu umidificare cu aburi. Func\u021bioneaz\u0103 at\u00e2t pe gaz natural, c\u00e2t \u0219i pe lichefiat; Supape magnetice de siguran\u021b\u0103; Recipient demontabil cu ulei; U\u0219or de cur\u0103\u021bat \u0219i de \u00eengrijit suprafe\u021bele.<\/p>\n<p>Caracteristici<\/p>\n<p>Parametri: 1200x730x285<\/p>\n<p>Putere: 13.75 kW<\/p>\n<p>Greutate: 103 kg<\/p>\n<p>&nbsp;<\/p>\n","protected":false},"excerpt":{"rendered":"<p>Grill lava electric cu dou\u0103 zone de \u00eenc\u0103lzire. Parametri: 1200x730x285; Putere: 13.75 Kw; Greutate: 103 kg.<\/p>\n","protected":false},"featured_media":5275,"template":"","meta":[],"_links":{"self":[{"href":"https:\/\/evotek.md\/ro\/wp-json\/wp\/v2\/product\/5276"}],"collection":[{"href":"https:\/\/evotek.md\/ro\/wp-json\/wp\/v2\/product"}],"about":[{"href":"https:\/\/evotek.md\/ro\/wp-json\/wp\/v2\/types\/product"}],"wp:featuredmedia":[{"embeddable":true,"href":"https:\/\/evotek.md\/ro\/wp-json\/wp\/v2\/media\/5275"}],"wp:attachment":[{"href":"https:\/\/evotek.md\/ro\/wp-json\/wp\/v2\/media?parent=5276"}],"curies":[{"name":"wp","href":"https:\/\/api.w.org\/{rel}","templated":true}]}}