{"id":5244,"date":"2020-03-23T14:17:52","date_gmt":"2020-03-23T14:17:52","guid":{"rendered":"https:\/\/evotek.md\/?post_type=product&#038;p=5244"},"modified":"2020-03-23T14:17:52","modified_gmt":"2020-03-23T14:17:52","slug":"grill-cu-abur-pe-gaz-emp-7lg010-s","status":"publish","type":"product","link":"https:\/\/evotek.md\/ro\/produse\/echipamente-pentru-fast-food\/grill-cu-abur\/grill-cu-abur-pe-gaz-emp-7lg010-s\/","title":{"rendered":"GRILL CU ABUR PE GAZ -EMP.7LG010-S"},"content":{"rendered":"<p><strong>GRILL CU ABUR PE GAZ -EMP.7LG010-S- <\/strong>se folose\u0219te la \u00eentreprinderile de alimenta\u021bie public\u0103 \u0219i comer\u021b pentru pr\u0103jirea c\u0103rnii, pe\u0219tilor \u0219i legumelor. Un recipient cu ap\u0103 v\u0103 permite s\u0103 g\u0103ti\u021bi cu umidificare cu aburi. Func\u021bioneaz\u0103 at\u00e2t pe gaz natural, c\u00e2t \u0219i pe lichefiat; Supape magnetice de siguran\u021b\u0103; Recipient demontabil cu ulei; U\u0219or de cur\u0103\u021bat \u0219i de \u00eengrijit suprafe\u021bele.<\/p>\n<p>Caracteristici<\/p>\n<p>Parametri: 400x730x285<\/p>\n<p>Putere: 5,2 kW<\/p>\n<p>Consumul de gaz natural: m3 \/ hour-0,7<\/p>\n<p>Consumul de gaz lichefiat: kg \/ or\u0103-0,5<\/p>\n<p>Greutate: 50 kg<\/p>\n<p>&nbsp;<\/p>\n<p>&nbsp;<\/p>\n","protected":false},"excerpt":{"rendered":"<p>Grill cu abur pe gaz cu o zon\u0103 de \u00eenc\u0103lzire. Parametri: 400x730x285; Putere: 5,2 Kw; Consumul de gaz natural: m3 \/ hour-0,7; Consumul de gaz lichefiat: kg \/ or\u0103-0,5; Greutate: 50 kg.<\/p>\n","protected":false},"featured_media":5243,"template":"","meta":[],"_links":{"self":[{"href":"https:\/\/evotek.md\/ro\/wp-json\/wp\/v2\/product\/5244"}],"collection":[{"href":"https:\/\/evotek.md\/ro\/wp-json\/wp\/v2\/product"}],"about":[{"href":"https:\/\/evotek.md\/ro\/wp-json\/wp\/v2\/types\/product"}],"wp:featuredmedia":[{"embeddable":true,"href":"https:\/\/evotek.md\/ro\/wp-json\/wp\/v2\/media\/5243"}],"wp:attachment":[{"href":"https:\/\/evotek.md\/ro\/wp-json\/wp\/v2\/media?parent=5244"}],"curies":[{"name":"wp","href":"https:\/\/api.w.org\/{rel}","templated":true}]}}