{"id":5230,"date":"2020-03-23T11:49:41","date_gmt":"2020-03-23T11:49:41","guid":{"rendered":"https:\/\/evotek.md\/?post_type=product&#038;p=5230"},"modified":"2020-03-23T12:44:21","modified_gmt":"2020-03-23T12:44:21","slug":"lava-grill-emp-7lg020","status":"publish","type":"product","link":"https:\/\/evotek.md\/ro\/produse\/echipamente-termice\/grill-lava-2-2\/lava-grill-emp-7lg020\/","title":{"rendered":"LAVA GRILL -EMP.7LG020"},"content":{"rendered":"<p><strong>LAVA GRILL <\/strong><strong>-EMP.7LG020- <\/strong>Este utilizat la \u00eentreprinderile de alimenta\u021bie public\u0103 \u0219i comer\u021b pentru prepararea diverselor feluri de m\u00e2ncare &#8211; b\u0103tute, frig\u0103rui, legume \u0219i multe altele. Procesul de pr\u0103jire are loc f\u0103r\u0103 utilizarea uleiului. Lava vulcanic\u0103 permite distribuirea uniform\u0103 a c\u0103ldurii pe \u00eentregul produs; piatra de lav\u0103 absoarbe excesul de lichid \u0219i, de asemenea, elimin\u0103 aspectul de mirosuri nepl\u0103cute \u00een timpul g\u0103titului. Bucatele preparate pe lava grill, prin aspectul \u0219i gustul lor sunt la fel de bune ca cele g\u0103tite la foc.<\/p>\n<p>Facilit\u0103\u021bi: Supape magnetice de siguran\u021b\u0103; Arz\u0103tor piezo; Recipient pentru ulei demontabil; Igienic \u0219i u\u0219or de cur\u0103\u021bat; Carcasa din inox.<\/p>\n<p>Caracteristici<\/p>\n<p>Parametri: 800x730x285<\/p>\n<p>Consumul de gaz GPL: &#8211; 1 kg \/ h<\/p>\n<p>Consumul de gaz natural: 1,4 m 3 \/ h<\/p>\n<p>Num\u0103r de zone de \u00eenc\u0103lzire: 2<\/p>\n<p>Putere: 17,2 kW<\/p>\n<p>Greutate: 65 kg<\/p>\n<p>Produc\u0103tor: Turcia, Empero<\/p>\n<p>&nbsp;<\/p>\n","protected":false},"excerpt":{"rendered":"<p>Lava grill cu dou\u0103 zone de \u00eenc\u0103lzire. Parametri: 800x730x285; Consumul de gaz GPL: &#8211; 1 kg \/ h; Consumul de gaz natural: 1,4 m 3 \/ h;\u00a0Putere: 17,2 kW; Greutate: 65 kg; Produc\u0103tor: Turcia, Empero.<\/p>\n","protected":false},"featured_media":5229,"template":"","meta":[],"_links":{"self":[{"href":"https:\/\/evotek.md\/ro\/wp-json\/wp\/v2\/product\/5230"}],"collection":[{"href":"https:\/\/evotek.md\/ro\/wp-json\/wp\/v2\/product"}],"about":[{"href":"https:\/\/evotek.md\/ro\/wp-json\/wp\/v2\/types\/product"}],"wp:featuredmedia":[{"embeddable":true,"href":"https:\/\/evotek.md\/ro\/wp-json\/wp\/v2\/media\/5229"}],"wp:attachment":[{"href":"https:\/\/evotek.md\/ro\/wp-json\/wp\/v2\/media?parent=5230"}],"curies":[{"name":"wp","href":"https:\/\/api.w.org\/{rel}","templated":true}]}}