{"id":5196,"date":"2020-03-13T13:40:26","date_gmt":"2020-03-13T13:40:26","guid":{"rendered":"https:\/\/evotek.md\/?post_type=product&#038;p=5196"},"modified":"2020-03-13T13:40:26","modified_gmt":"2020-03-13T13:40:26","slug":"pasta-cooker-electric-cu-dulap-emp-9me010-k","status":"publish","type":"product","link":"https:\/\/evotek.md\/ro\/produse\/echipamente-termice\/pasta-cooker\/pasta-cooker-electric-cu-dulap-emp-9me010-k\/","title":{"rendered":"PASTA COOKER ELECTRIC CU DULAP -EMP.9ME010-K"},"content":{"rendered":"<p><strong>PASTA COOKER ELECTRIC CU DULAP -EMP.9ME010-K-<\/strong> este destinat preg\u0103tirii rapide \u0219i de \u00eenalt\u0103 calitate a pastelor, a produselor din aluat, ravioli, orez, legume, c\u00e2rna\u021bi, ou\u0103, creve\u021bi \u0219i multe alte produse. Pasta cooker este perfect pentru \u00eentreprinderile mici de alimenta\u021bie public\u0103 \u0219i fast-food.<\/p>\n<p>Caracteristici<\/p>\n<p>Instalare: podea<\/p>\n<p>Putere: 12 kW<\/p>\n<p>Tensiune: 380 V<\/p>\n<p>Control termostatic<\/p>\n<p>Sistem de rev\u0103rsare a apei<\/p>\n<p>Carcasa \u0219i co\u0219urile sunt din inox<\/p>\n<p>Dimensiuni: 400x900x850 mm<\/p>\n<p>Greutate: 60 kg<\/p>\n<p>&nbsp;<\/p>\n","protected":false},"excerpt":{"rendered":"<p>Pasta cooker electric cu dulap. Instalare: podea; Putere: 12 Kw;Tensiune: 380 V; Control termostatic; Sistem de rev\u0103rsare a apei; Carcasa \u0219i co\u0219urile sunt din inox; Dimensiuni: 400x900x850 mm; Greutate: 60 kg.<\/p>\n","protected":false},"featured_media":5195,"template":"","meta":[],"_links":{"self":[{"href":"https:\/\/evotek.md\/ro\/wp-json\/wp\/v2\/product\/5196"}],"collection":[{"href":"https:\/\/evotek.md\/ro\/wp-json\/wp\/v2\/product"}],"about":[{"href":"https:\/\/evotek.md\/ro\/wp-json\/wp\/v2\/types\/product"}],"wp:featuredmedia":[{"embeddable":true,"href":"https:\/\/evotek.md\/ro\/wp-json\/wp\/v2\/media\/5195"}],"wp:attachment":[{"href":"https:\/\/evotek.md\/ro\/wp-json\/wp\/v2\/media?parent=5196"}],"curies":[{"name":"wp","href":"https:\/\/api.w.org\/{rel}","templated":true}]}}