{"id":5187,"date":"2020-03-13T13:05:57","date_gmt":"2020-03-13T13:06:45","guid":{"rendered":"https:\/\/evotek.md\/?post_type=product&#038;p=5187"},"modified":"2023-03-13T13:38:01","modified_gmt":"2023-03-13T13:38:01","slug":"aparat-pentru-incalzirea-cartofilor-emp-7de010","status":"publish","type":"product","link":"https:\/\/evotek.md\/ro\/produse\/echipamente-pentru-fast-food\/incalzitoare-de-bucate-2\/aparat-pentru-incalzirea-cartofilor-emp-7de010\/","title":{"rendered":"MARMIT ELECTRIC PENTRU CARTOFI -EMP.7DE010"},"content":{"rendered":"<p><strong>MARMIT ELECTRIC PENTRU CARTOFI -EMP.7DE010-<\/strong> \u00cenc\u0103lzitorul de cartofi este folosit pentru a men\u021bine temperatura cartofilor pr\u0103ji\u021bi \u0219i pentru a extrage uleiul. \u00cenc\u0103lzirea se realizeaz\u0103 cu ajutorul unui \u00eenc\u0103lzitor ceramic cu infraro\u0219u. Un sistem special de filtrare purific\u0103 uleiul extras. Co\u0219urile \u0219i carcasa sunt din inox de \u00eenalt\u0103 calitate. U\u0219or de cur\u0103\u021bat, igienic.<\/p>\n<p>Caracteristici<\/p>\n<p>Dimensiuni: 400x730x285 mm<\/p>\n<p>Greutate: 15 kg<\/p>\n<p>Putere: 0,08 kW<\/p>\n<p>Capacitate: GN 1\/1&#215;150 mm<\/p>\n<p>&nbsp;<\/p>\n","protected":false},"excerpt":{"rendered":"<p>\u00cenc\u0103lzitor de cartofi. Dimensiuni: 400x730x285 mm; Greutate: 15 kg; Putere: 0,08 kW; Capacitate: GN 1\/1&#215;150 mm.<\/p>\n","protected":false},"featured_media":24260,"template":"","meta":[],"_links":{"self":[{"href":"https:\/\/evotek.md\/ro\/wp-json\/wp\/v2\/product\/5187"}],"collection":[{"href":"https:\/\/evotek.md\/ro\/wp-json\/wp\/v2\/product"}],"about":[{"href":"https:\/\/evotek.md\/ro\/wp-json\/wp\/v2\/types\/product"}],"wp:featuredmedia":[{"embeddable":true,"href":"https:\/\/evotek.md\/ro\/wp-json\/wp\/v2\/media\/24260"}],"wp:attachment":[{"href":"https:\/\/evotek.md\/ro\/wp-json\/wp\/v2\/media?parent=5187"}],"curies":[{"name":"wp","href":"https:\/\/api.w.org\/{rel}","templated":true}]}}