{"id":5172,"date":"2020-03-13T12:07:23","date_gmt":"2020-03-13T12:08:11","guid":{"rendered":"https:\/\/evotek.md\/?post_type=product&#038;p=5172"},"modified":"2023-02-28T13:23:19","modified_gmt":"2023-02-28T13:23:19","slug":"friteuza-pe-gaz-emp-9fg020","status":"publish","type":"product","link":"https:\/\/evotek.md\/ro\/produse\/echipamente-pentru-fast-food\/friteuze-2\/friteuza-pe-gaz-emp-9fg020\/","title":{"rendered":"FRITEUZA PE GAZ, 24+24 LITRI -EMP.9FG020"},"content":{"rendered":"<p><strong>FRITEUZA PE GAZ, 24+24 LITRI -EMP.9FG020- <\/strong>Friteuza este folosit\u0103 \u00een alimenta\u021bie public\u0103 \u0219i comer\u021b pentru a preg\u0103ti o gam\u0103 larg\u0103 de feluri de m\u00e2ncare \u00eentr-o cantitate mare de ulei sau gr\u0103sime. \u00cen aceast\u0103 friteuz\u0103 pute\u021bi g\u0103ti chipsuri, cartofi pr\u0103ji\u021bi, diverse tipuri de gogo\u0219i, pl\u0103cinte, precum \u0219i carne, pe\u0219te cu o crust\u0103 crocant\u0103.<\/p>\n<p>Caracteristici<\/p>\n<p>Putere: 23,25 kW<\/p>\n<p>Capacitate: 2&#215;24 l<\/p>\n<p>Consumul de gaz: 2,45 m3\/h<\/p>\n<p>Consumul de GPL: 1,22 kg\/h<\/p>\n<p>Co\u0219uri \u0219i carcas\u0103 din inox<\/p>\n<p>Dimensiuni: 800\u0445900\u0445850 mm<\/p>\n<p>Greutate: 138 kg<\/p>\n<p>&nbsp;<\/p>\n<p>&nbsp;<\/p>\n","protected":false},"excerpt":{"rendered":"<p>Friteuz\u0103 pe gaz cu capacitatea de 2&#215;24 litri. Putere: 23,25 kW; Consumul de gaz: 2,45 m3\/h; Consumul de GPL: 1,22 kg\/h; Co\u0219uri \u0219i carcas\u0103 din inox; Dimensiuni: 800\u0445900\u0445850 mm; Greutate: 138 kg.<\/p>\n","protected":false},"featured_media":5171,"template":"","meta":[],"_links":{"self":[{"href":"https:\/\/evotek.md\/ro\/wp-json\/wp\/v2\/product\/5172"}],"collection":[{"href":"https:\/\/evotek.md\/ro\/wp-json\/wp\/v2\/product"}],"about":[{"href":"https:\/\/evotek.md\/ro\/wp-json\/wp\/v2\/types\/product"}],"wp:featuredmedia":[{"embeddable":true,"href":"https:\/\/evotek.md\/ro\/wp-json\/wp\/v2\/media\/5171"}],"wp:attachment":[{"href":"https:\/\/evotek.md\/ro\/wp-json\/wp\/v2\/media?parent=5172"}],"curies":[{"name":"wp","href":"https:\/\/api.w.org\/{rel}","templated":true}]}}