{"id":5157,"date":"2020-03-13T11:22:34","date_gmt":"2020-03-13T11:25:01","guid":{"rendered":"https:\/\/evotek.md\/?post_type=product&#038;p=5157"},"modified":"2023-02-28T13:14:58","modified_gmt":"2023-02-28T13:14:58","slug":"friteuza-electrica-emp-9fe020","status":"publish","type":"product","link":"https:\/\/evotek.md\/ro\/produse\/echipamente-pentru-fast-food\/friteuze-2\/friteuza-electrica-emp-9fe020\/","title":{"rendered":"FRITEUZA ELECTRICA, 24+24 LITRI -EMP.9FE020"},"content":{"rendered":"<p><strong>FRITEUZA ELECTRICA, 24+24 LITRI -EMP.9FE020- <\/strong>Friteuza este folosit\u0103 \u00een alimenta\u021bie public\u0103 \u0219i comer\u021b pentru a preg\u0103ti o gam\u0103 larg\u0103 de feluri de m\u00e2ncare \u00eentr-o cantitate mare de ulei sau gr\u0103sime. \u00cen aceast\u0103 friteuz\u0103 pute\u021bi g\u0103ti chipsuri, cartofi pr\u0103ji\u021bi, diverse tipuri de gogo\u0219i, pl\u0103cinte, precum \u0219i carne, pe\u0219te cu o crust\u0103 crocant\u0103.<\/p>\n<p>Caracteristici<\/p>\n<p>Putere: 24 kW<\/p>\n<p>Sursa de alimentare: 400 V<\/p>\n<p>Sec\u021biunea transversal\u0103 a cablului 5&#215;6 mm<\/p>\n<p>Capacitate: 2&#215;24 L<\/p>\n<p>Control termostatic<\/p>\n<p>Co\u0219uri \u0219i carcas\u0103 din inox<\/p>\n<p>Dimensiuni: 800x900x850 mm<\/p>\n<p>Greutate: 128 kg<\/p>\n<p>&nbsp;<\/p>\n","protected":false},"excerpt":{"rendered":"<p>Friteuz\u0103 electric\u0103 cu capacitatea de 2&#215;24 l. Putere: 24 kW; Sursa de alimentare: 400 V; Sec\u021biunea transversal\u0103 a cablului 5&#215;6 mm; Control termostatic; Co\u0219uri \u0219i carcas\u0103 din inox; Dimensiuni: 800x900x850 mm; Greutate: 128 kg<\/p>\n","protected":false},"featured_media":5156,"template":"","meta":[],"_links":{"self":[{"href":"https:\/\/evotek.md\/ro\/wp-json\/wp\/v2\/product\/5157"}],"collection":[{"href":"https:\/\/evotek.md\/ro\/wp-json\/wp\/v2\/product"}],"about":[{"href":"https:\/\/evotek.md\/ro\/wp-json\/wp\/v2\/types\/product"}],"wp:featuredmedia":[{"embeddable":true,"href":"https:\/\/evotek.md\/ro\/wp-json\/wp\/v2\/media\/5156"}],"wp:attachment":[{"href":"https:\/\/evotek.md\/ro\/wp-json\/wp\/v2\/media?parent=5157"}],"curies":[{"name":"wp","href":"https:\/\/api.w.org\/{rel}","templated":true}]}}