{"id":5143,"date":"2020-03-13T10:19:51","date_gmt":"2020-03-13T10:21:16","guid":{"rendered":"https:\/\/evotek.md\/?post_type=product&#038;p=5143"},"modified":"2023-02-28T13:18:06","modified_gmt":"2023-02-28T13:18:06","slug":"friteuza-pe-gaz-emp-7fg020-s","status":"publish","type":"product","link":"https:\/\/evotek.md\/ro\/produse\/echipamente-pentru-fast-food\/friteuze-2\/friteuza-pe-gaz-emp-7fg020-s\/","title":{"rendered":"FRITEUZA PE GAZ, 12+12 LITRI -EMP.7FG020-S"},"content":{"rendered":"<p><strong>FRITEUZA PE GAZ, 12+12 LITRI -EMP.7FG020-S- <\/strong>Acest dispozitiv este necesar pentru aproape fiecare punct de alimenta\u021bie public\u0103. Este destinat pentru a pr\u0103ji: cartofi pai, carne, pe\u0219te, crochete, legume. Rezervorul friteuzei are o capacitate maxim\u0103 de 2&#215;12 litri.<\/p>\n<p>O caracteristic\u0103 util\u0103 a friteuzelor ad\u00e2nci este utilizarea a\u0219a-numitei \u201ezone reci\u201d, adic\u0103 ie\u0219irea dintre \u00eenc\u0103lzitor \u0219i partea inferioar\u0103 a rezervorului. Aceast\u0103 func\u021bie folose\u0219te un fenomen \u00een care c\u0103ldura generat\u0103 de \u00eenc\u0103lzitor se ridic\u0103 la \u00eenc\u0103lzirea uleiului. Cu toate acestea, sub \u00eenc\u0103lzitor, temperatura uleiului este mai sc\u0103zut\u0103. Drept urmare, firimituri \u0219i alimente r\u0103mase \u00een partea de jos a rezervorului sunt depozitate \u00een ulei la o temperatur\u0103 mai sc\u0103zut\u0103 \u0219i nu se ard.<\/p>\n<p>Caracteristici<\/p>\n<p>Putere: 14 kW<\/p>\n<p>Capacitate: 2&#215;12 l<\/p>\n<p>Consumul de gaz: 1,48 m3\/h<\/p>\n<p>Consumul de GPL: 0,98 kg\/h<\/p>\n<p>Co\u0219uri \u0219i carcas\u0103 din inox<\/p>\n<p>Dimensiuni: 800\u0445730\u0445285 mm<\/p>\n<p>Greutate: 51 kg<\/p>\n<p>&nbsp;<\/p>\n","protected":false},"excerpt":{"rendered":"<p>Friteuz\u0103 pe gaz cu capacitatea de 2&#215;12 litri. Putere: 14 kW; Consumul de gaz: 1,48 m3\/h; Consumul de GPL: 0,98 kg\/h; Co\u0219uri \u0219i carcas\u0103 din inox; Dimensiuni: 800\u0445730\u0445285 mm; Greutate: 51 kg.<\/p>\n","protected":false},"featured_media":5142,"template":"","meta":[],"_links":{"self":[{"href":"https:\/\/evotek.md\/ro\/wp-json\/wp\/v2\/product\/5143"}],"collection":[{"href":"https:\/\/evotek.md\/ro\/wp-json\/wp\/v2\/product"}],"about":[{"href":"https:\/\/evotek.md\/ro\/wp-json\/wp\/v2\/types\/product"}],"wp:featuredmedia":[{"embeddable":true,"href":"https:\/\/evotek.md\/ro\/wp-json\/wp\/v2\/media\/5142"}],"wp:attachment":[{"href":"https:\/\/evotek.md\/ro\/wp-json\/wp\/v2\/media?parent=5143"}],"curies":[{"name":"wp","href":"https:\/\/api.w.org\/{rel}","templated":true}]}}