{"id":5120,"date":"2020-03-13T09:26:43","date_gmt":"2020-03-13T09:26:43","guid":{"rendered":"https:\/\/evotek.md\/?post_type=product&#038;p=5120"},"modified":"2020-03-13T09:26:44","modified_gmt":"2020-03-13T09:26:44","slug":"pasta-cooker-emp-6me010","status":"publish","type":"product","link":"https:\/\/evotek.md\/ro\/produse\/echipamente-termice\/pasta-cooker\/pasta-cooker-emp-6me010\/","title":{"rendered":"PASTA COOKER -EMP.6ME010"},"content":{"rendered":"<p><strong>PASTA COOKER &#8211;<\/strong><strong>EMP.6ME010<\/strong><strong>&#8211; <\/strong>este destinat preg\u0103tirii rapide \u0219i de \u00eenalt\u0103 calitate a pastelor, a produselor din aluat, ravioli, orez, legume, c\u00e2rna\u021bi, ou\u0103, creve\u021bi \u0219i multe alte produse. Pasta cooker este perfect pentru \u00eentreprinderile mici de alimenta\u021bie public\u0103 \u0219i fast-food.<\/p>\n<p>Caracteristici<\/p>\n<p>Capacitate: 10 L<\/p>\n<p>Co\u0219uri: 4 buc<\/p>\n<p>Tensiune: 380 V<\/p>\n<p>Putere: 4,5 kW<\/p>\n<p>Dimensiuni: 400x635x285 mm<\/p>\n<p>Greutate: 26 kg<\/p>\n<p>Materialul carcasei: inox<\/p>\n<p>Robinet pentru scurgere<\/p>\n<p>&nbsp;<\/p>\n","protected":false},"excerpt":{"rendered":"<p>Pasta cooker cu capacitatea de 10 l. Co\u0219uri: 4 buc; Tensiune: 380 V; Putere: 4,5 kW; Dimensiuni: 400x635x285 mm; Greutate: 26 kg; Materialul carcasei: inox; Robinet pentru scurgere.<\/p>\n","protected":false},"featured_media":5119,"template":"","meta":[],"_links":{"self":[{"href":"https:\/\/evotek.md\/ro\/wp-json\/wp\/v2\/product\/5120"}],"collection":[{"href":"https:\/\/evotek.md\/ro\/wp-json\/wp\/v2\/product"}],"about":[{"href":"https:\/\/evotek.md\/ro\/wp-json\/wp\/v2\/types\/product"}],"wp:featuredmedia":[{"embeddable":true,"href":"https:\/\/evotek.md\/ro\/wp-json\/wp\/v2\/media\/5119"}],"wp:attachment":[{"href":"https:\/\/evotek.md\/ro\/wp-json\/wp\/v2\/media?parent=5120"}],"curies":[{"name":"wp","href":"https:\/\/api.w.org\/{rel}","templated":true}]}}