{"id":5101,"date":"2020-03-13T08:24:27","date_gmt":"2020-03-13T08:35:54","guid":{"rendered":"https:\/\/evotek.md\/?post_type=product&#038;p=5101"},"modified":"2023-02-28T13:08:47","modified_gmt":"2023-02-28T13:08:47","slug":"emp-6fe020","status":"publish","type":"product","link":"https:\/\/evotek.md\/ro\/produse\/echipamente-pentru-fast-food\/friteuze-2\/emp-6fe020\/","title":{"rendered":"FRITEUZA ELECTRICA, 10+10 LITRI -EMP.6FE020"},"content":{"rendered":"<p><strong>FRITEUZA ELECTRICA, 10+10 LITRI -EMP.6FE020- <\/strong>Acest dispozitiv este necesar pentru aproape fiecare punct de alimenta\u021bie public\u0103. Este destinat pentru a pr\u0103ji: cartofi pai, carne, pe\u0219te, crochete, legume. Rezervorul friteuzei are o capacitate maxim\u0103 de 2\u044510 litri.<\/p>\n<p>O caracteristic\u0103 util\u0103 a friteuzelor ad\u00e2nci este utilizarea a\u0219a-numitei \u201ezone reci\u201d, adic\u0103 ie\u0219irea dintre \u00eenc\u0103lzitor \u0219i partea inferioar\u0103 a rezervorului. Aceast\u0103 func\u021bie folose\u0219te un fenomen \u00een care c\u0103ldura generat\u0103 de \u00eenc\u0103lzitor se ridic\u0103 la \u00eenc\u0103lzirea uleiului. Cu toate acestea, sub \u00eenc\u0103lzitor, temperatura uleiului este mai sc\u0103zut\u0103. Drept urmare, firimituri \u0219i alimente r\u0103mase \u00een partea de jos a rezervorului sunt depozitate \u00een ulei la o temperatur\u0103 mai sc\u0103zut\u0103 \u0219i nu se ard.<\/p>\n<p>Caracteristici<\/p>\n<p>Putere: 14,4 kW<\/p>\n<p>Sursa de alimentare: 400 V<\/p>\n<p>Sec\u021biunea transversal\u0103 a cablului 5&#215;2,5 mm<\/p>\n<p>Capacitate: 2\u044510l<\/p>\n<p>Control termostatic<\/p>\n<p>Co\u0219uri \u0219i carcas\u0103 din inox<\/p>\n<p>Dimensiuni: 600x635x285 mm<\/p>\n<p>Greutate: 42 kg<\/p>\n<p>&nbsp;<\/p>\n","protected":false},"excerpt":{"rendered":"<p>Friteuz\u0103 electric\u0103 cu dimensiunea de 2\u044510l: Putere: 14,4 kW; Sursa de alimentare: 400 V; Sec\u021biunea transversal\u0103 a cablului 5&#215;2,5 mm; Control termostatic; Co\u0219uri \u0219i carcas\u0103 din inox; Dimensiuni: 600x635x285 mm; Greutate: 42 kg.<\/p>\n","protected":false},"featured_media":5100,"template":"","meta":[],"_links":{"self":[{"href":"https:\/\/evotek.md\/ro\/wp-json\/wp\/v2\/product\/5101"}],"collection":[{"href":"https:\/\/evotek.md\/ro\/wp-json\/wp\/v2\/product"}],"about":[{"href":"https:\/\/evotek.md\/ro\/wp-json\/wp\/v2\/types\/product"}],"wp:featuredmedia":[{"embeddable":true,"href":"https:\/\/evotek.md\/ro\/wp-json\/wp\/v2\/media\/5100"}],"wp:attachment":[{"href":"https:\/\/evotek.md\/ro\/wp-json\/wp\/v2\/media?parent=5101"}],"curies":[{"name":"wp","href":"https:\/\/api.w.org\/{rel}","templated":true}]}}