{"id":5091,"date":"2020-03-13T07:45:31","date_gmt":"2020-03-13T07:46:28","guid":{"rendered":"https:\/\/evotek.md\/?post_type=product&#038;p=5091"},"modified":"2024-12-09T14:16:02","modified_gmt":"2024-12-09T14:16:02","slug":"raft-suspendat-pe-perete-pn-3p-3-2","status":"publish","type":"product","link":"https:\/\/evotek.md\/ro\/produse\/mobila-din-inox\/rafturi-suspendate-din-inox\/raft-suspendat-pe-perete-pn-3p-3-2\/","title":{"rendered":"Raft suspendat pe perete PN-3P-3"},"content":{"rendered":"<p>Raft suspendat pe perete din inox cu usi glisante. Numarul de nivele 2. Poate fi realizat dup\u0103 proiectului individual.<\/p>\n<p>Diemnsiuni:<\/p>\n<p>\u00cen\u0103l\u021bime \u2013 700 mm.<\/p>\n<p>L\u0103\u021bime \u2013 300 mm.<\/p>\n<p>Lungime \u2013\u00a0 de la 600 p\u00e2n\u0103 la 1800 mm.<\/p>\n","protected":false},"excerpt":{"rendered":"<p>Raft suspendat pe perete din inox cu usi glisante. Numarul de nivele 2. Poate fi realizat dup\u0103 proiectului individual.<\/p>\n<p>Diemnsiuni: \u00cen\u0103l\u021bime\u00a0 \u2013 700 mm. L\u0103\u021bime \u2013 300 mm. Lungime\u00a0 \u2013\u00a0 de la 600 p\u00e2n\u0103 la 1800 mm. Peretele din spate este \u00eenchis.<\/p>\n<p>&nbsp;<\/p>\n","protected":false},"featured_media":5090,"template":"","meta":[],"_links":{"self":[{"href":"https:\/\/evotek.md\/ro\/wp-json\/wp\/v2\/product\/5091"}],"collection":[{"href":"https:\/\/evotek.md\/ro\/wp-json\/wp\/v2\/product"}],"about":[{"href":"https:\/\/evotek.md\/ro\/wp-json\/wp\/v2\/types\/product"}],"wp:featuredmedia":[{"embeddable":true,"href":"https:\/\/evotek.md\/ro\/wp-json\/wp\/v2\/media\/5090"}],"wp:attachment":[{"href":"https:\/\/evotek.md\/ro\/wp-json\/wp\/v2\/media?parent=5091"}],"curies":[{"name":"wp","href":"https:\/\/api.w.org\/{rel}","templated":true}]}}