{"id":5067,"date":"2020-03-12T16:12:40","date_gmt":"2020-03-12T16:12:40","guid":{"rendered":"https:\/\/evotek.md\/?post_type=product&#038;p=5067"},"modified":"2020-07-24T13:35:58","modified_gmt":"2020-07-24T13:35:58","slug":"raft-uscare-vesela-pnsp-1p-t","status":"publish","type":"product","link":"https:\/\/evotek.md\/ro\/produse\/mobila-din-inox\/rafturi-suspendate-din-inox\/raft-uscare-vesela-pnsp-1p-t\/","title":{"rendered":"Raft uscare vesel\u0103 PNSP-1P-T  \u00a0"},"content":{"rendered":"<p>Raft suspendat de perete din inox pentru uscare vase. Numarul de nivele1.<\/p>\n<p>Diemnsiuni:<\/p>\n<p>\u00cen\u0103l\u021bime \u2013 350 mm.<\/p>\n<p>L\u0103\u021bime \u2013 300 mm.<\/p>\n<p>Lungime \u2013\u00a0 500 p\u00e2n\u0103 la 1200 mm.<\/p>\n<p>Diametrul platoului: p\u00e2n\u0103 la 300 mm.<\/p>\n","protected":false},"excerpt":{"rendered":"<p>Raft suspendat de perete din inox pentru uscare vase. Numarul de nivele1.<\/p>\n<p>Diemnsiuni: \u00cen\u0103l\u021bime\u00a0 \u2013 350 mm. L\u0103\u021bime \u2013 300 mm. Lungime\u00a0 \u2013\u00a0 500 p\u00e2n\u0103 la 1200 mm. Diametrul platoului: p\u00e2n\u0103 la 300 mm.<\/p>\n","protected":false},"featured_media":5066,"template":"","meta":[],"_links":{"self":[{"href":"https:\/\/evotek.md\/ro\/wp-json\/wp\/v2\/product\/5067"}],"collection":[{"href":"https:\/\/evotek.md\/ro\/wp-json\/wp\/v2\/product"}],"about":[{"href":"https:\/\/evotek.md\/ro\/wp-json\/wp\/v2\/types\/product"}],"wp:featuredmedia":[{"embeddable":true,"href":"https:\/\/evotek.md\/ro\/wp-json\/wp\/v2\/media\/5066"}],"wp:attachment":[{"href":"https:\/\/evotek.md\/ro\/wp-json\/wp\/v2\/media?parent=5067"}],"curies":[{"name":"wp","href":"https:\/\/api.w.org\/{rel}","templated":true}]}}