{"id":5058,"date":"2020-03-12T16:06:51","date_gmt":"2020-03-12T16:06:51","guid":{"rendered":"https:\/\/evotek.md\/?post_type=product&#038;p=5058"},"modified":"2020-06-11T12:34:13","modified_gmt":"2020-06-11T12:34:13","slug":"dulap-frigorific-hkn-gx650tn","status":"publish","type":"product","link":"https:\/\/evotek.md\/ro\/produse\/echipamente-frigorifice\/dulapuri-frigorifice\/dulap-frigorific-hkn-gx650tn\/","title":{"rendered":"DULAP FRIGORIFIC -HKN-GX650TN"},"content":{"rendered":"<p><strong>DULAP FRIGORIFIC<\/strong> <strong>&#8211;<\/strong><strong>HKN-GX650TN<\/strong><strong>&#8211; <\/strong>dulapul frigorific pe ro\u021bi este destinat depozit\u0103rii produselor alimentare \u0219i semifabricatelor. Dulapul frigorific este vertical pentru depozitarea \u0219i afi\u0219area alimentelor \u0219i a b\u0103uturilor. Dulapul frigorific pe ro\u021bi este realizat \u00een conformitate cu cerin\u021bele stricte ale normelor \u0219i standardelor stabilite de autorit\u0103\u021bile interna\u021bionale, independente \u0219i federale. Acesta este un echipament comercial profesional.<\/p>\n<p>Caracteristici<\/p>\n<p>Parametri: 740\u0445830\u04452010 mm<\/p>\n<p>Putere: 0,22 kW<\/p>\n<p>Greutate net\u0103: 121 kg<\/p>\n<p>Intervalul de temperatur\u0103 de la -2 p\u00e2n\u0103 la +8 C<\/p>\n<p>Volumul dulapului este de 650 litri<\/p>\n<p>Dulapul are \u0219ase rafturi pentru containerele gastronormice cu dimensiunea GN 2\/1<\/p>\n<p>&nbsp;<\/p>\n","protected":false},"excerpt":{"rendered":"<p>Dulap frigorific pe ro\u021bi cu un volum de 650 litri. Parametri: 740\u0445830\u04452010 mm; Putere: 0,22 kW; Greutate net\u0103: 121 kg; Intervalul de temperatur\u0103 de la -2 p\u00e2n\u0103 la +8 C; Dulapul are \u0219ase rafturi pentru containerele gastronormice cu dimensiunea GN 2\/1.<\/p>\n","protected":false},"featured_media":5057,"template":"","meta":[],"_links":{"self":[{"href":"https:\/\/evotek.md\/ro\/wp-json\/wp\/v2\/product\/5058"}],"collection":[{"href":"https:\/\/evotek.md\/ro\/wp-json\/wp\/v2\/product"}],"about":[{"href":"https:\/\/evotek.md\/ro\/wp-json\/wp\/v2\/types\/product"}],"wp:featuredmedia":[{"embeddable":true,"href":"https:\/\/evotek.md\/ro\/wp-json\/wp\/v2\/media\/5057"}],"wp:attachment":[{"href":"https:\/\/evotek.md\/ro\/wp-json\/wp\/v2\/media?parent=5058"}],"curies":[{"name":"wp","href":"https:\/\/api.w.org\/{rel}","templated":true}]}}