{"id":5055,"date":"2020-03-12T16:07:52","date_gmt":"2020-03-12T16:07:52","guid":{"rendered":"https:\/\/evotek.md\/?post_type=product&#038;p=5055"},"modified":"2020-03-12T16:07:52","modified_gmt":"2020-03-12T16:07:52","slug":"raft-suspendat-pe-perete-pn-2p-3","status":"publish","type":"product","link":"https:\/\/evotek.md\/ro\/produse\/mobila-din-inox\/rafturi-suspendate-din-inox\/raft-suspendat-pe-perete-pn-2p-3\/","title":{"rendered":"Raft suspendat pe perete PN-2P-3"},"content":{"rendered":"<p>Raftul din inox pentru vesel\u0103 este folosit pentru depozitarea veselei \u0219i a inventarului de buc\u0103t\u0103rie \u00een unit\u0103\u021bile de alimenta\u021bie public\u0103.<\/p>\n<p>Este fabricat din inox<\/p>\n<p>Num\u0103rul de nivele: 2<\/p>\n<p>Tipul de instalare: pe perete<\/p>\n<p>Peretele din spate este inchis.<\/p>\n<p>Rafturi deschise.<\/p>\n<p>Diemnsiuni:<\/p>\n<ul>\n<li>\u00cen\u0103l\u021bime \u2013 300 mm.<\/li>\n<li>L\u0103\u021bime \u2013 300 mm.<\/li>\n<li>Lungime \u2013\u00a0 600 p\u00e2n\u0103 la 1800 mm.<\/li>\n<\/ul>\n","protected":false},"excerpt":{"rendered":"<p>Raft suspendat pe perete din inox. Numarul de nivele 2.<\/p>\n<p>Diemnsiuni: \u00cen\u0103l\u021bime\u00a0 \u2013 300 mm. L\u0103\u021bime \u2013 300 mm. Lungime\u00a0 \u2013\u00a0 600 p\u00e2n\u0103 la 1800 mm.<br \/>\nPeretele din spate este inchis.<\/p>\n<p>&nbsp;<\/p>\n","protected":false},"featured_media":5054,"template":"","meta":[],"_links":{"self":[{"href":"https:\/\/evotek.md\/ro\/wp-json\/wp\/v2\/product\/5055"}],"collection":[{"href":"https:\/\/evotek.md\/ro\/wp-json\/wp\/v2\/product"}],"about":[{"href":"https:\/\/evotek.md\/ro\/wp-json\/wp\/v2\/types\/product"}],"wp:featuredmedia":[{"embeddable":true,"href":"https:\/\/evotek.md\/ro\/wp-json\/wp\/v2\/media\/5054"}],"wp:attachment":[{"href":"https:\/\/evotek.md\/ro\/wp-json\/wp\/v2\/media?parent=5055"}],"curies":[{"name":"wp","href":"https:\/\/api.w.org\/{rel}","templated":true}]}}