{"id":5024,"date":"2020-03-12T15:37:33","date_gmt":"2020-03-12T15:37:33","guid":{"rendered":"https:\/\/evotek.md\/?post_type=product&#038;p=5024"},"modified":"2020-03-12T15:37:33","modified_gmt":"2020-03-12T15:37:33","slug":"carucior-de-servire-emp-psv-03-%d0%ba","status":"publish","type":"product","link":"https:\/\/evotek.md\/ro\/produse\/mobila-din-inox\/carucioare-pentru-transportare-si-depozitare\/carucior-de-servire-emp-psv-03-%d0%ba\/","title":{"rendered":"C\u0102RUCIOR DE SERVIRE -EMP.PSV.03-\u041a"},"content":{"rendered":"<p><strong>C\u0102RUCIOR DE SERVIRE -EMP.PSV.03-\u041a- <\/strong>C\u0103ruciorul de servire este proiectat pentru transportul diferitelor articole, poate fi utilizat \u00een sectorul hotelier \u0219i restaurant, precum \u0219i pentru birouri. Este format dintr-o carcas\u0103 metalic\u0103 pe ro\u021bi \u0219i trei niveluri plate din plastic. Dou\u0103 ro\u021bi sunt echipate cu un dispozitiv de blocare (fr\u00e2n\u0103) care \u00eempiedic\u0103 mi\u0219carea nedorit\u0103 a c\u0103ruciorului.<\/p>\n<p>Caracteristici<\/p>\n<p>Materialul rafturilor este din plastic rezistent<\/p>\n<p>Rama material- aluminiu<\/p>\n<p>Dimensiuni: 520x960x1070 mm<\/p>\n<p>Acoperit din 3 p\u0103r\u021bi<\/p>\n<p>&nbsp;<\/p>\n","protected":false},"excerpt":{"rendered":"<p>C\u0103rucior de servire cu dou\u0103 rafturi. Materialul rafturilor este din plastic rezistent; Rama material- aluminiu; Dimensiuni: 520x960x1070 mm; Acoperit din 3 p\u0103r\u021bi<\/p>\n<p>&nbsp;<\/p>\n","protected":false},"featured_media":5023,"template":"","meta":[],"_links":{"self":[{"href":"https:\/\/evotek.md\/ro\/wp-json\/wp\/v2\/product\/5024"}],"collection":[{"href":"https:\/\/evotek.md\/ro\/wp-json\/wp\/v2\/product"}],"about":[{"href":"https:\/\/evotek.md\/ro\/wp-json\/wp\/v2\/types\/product"}],"wp:featuredmedia":[{"embeddable":true,"href":"https:\/\/evotek.md\/ro\/wp-json\/wp\/v2\/media\/5023"}],"wp:attachment":[{"href":"https:\/\/evotek.md\/ro\/wp-json\/wp\/v2\/media?parent=5024"}],"curies":[{"name":"wp","href":"https:\/\/api.w.org\/{rel}","templated":true}]}}