{"id":5020,"date":"2020-03-12T14:48:07","date_gmt":"2020-03-12T14:48:07","guid":{"rendered":"https:\/\/evotek.md\/?post_type=product&#038;p=5020"},"modified":"2020-03-12T14:48:07","modified_gmt":"2020-03-12T14:48:07","slug":"carucior-de-servire-emp-psv-03","status":"publish","type":"product","link":"https:\/\/evotek.md\/ro\/produse\/mobila-din-inox\/carucioare-pentru-transportare-si-depozitare\/carucior-de-servire-emp-psv-03\/","title":{"rendered":"C\u0102RUCIOR DE SERVIRE -EMP.PSV.03"},"content":{"rendered":"<p><strong>C\u0102RUCIOR DE SERVIRE -EMP.PSV.03- <\/strong>C\u0103ruciorul de servire este utilizat \u00een unit\u0103\u021bile de alimenta\u021bie public\u0103 pentru a transporta bucatele preparate, b\u0103uturi \u0219i vase \u00een sal\u0103, precum \u0219i pentru a transporta vesela murdar\u0103 c\u0103tre departamentul de sp\u0103lare. Modelul este echipat cu 3 rafturi inc\u0103p\u0103toare \u0219i 4 ro\u021bi mobile. Barele sunt din aluminiu iar rafturile din plastic rezistent.<\/p>\n<p>Caracteristici<\/p>\n<p>Parametri: 520x960x1070 mm<\/p>\n<p>&nbsp;<\/p>\n","protected":false},"excerpt":{"rendered":"<p>C\u0103rucior de servire cu trei rafturi \u0219i parametri 520x960x1070 mm<\/p>\n","protected":false},"featured_media":5019,"template":"","meta":[],"_links":{"self":[{"href":"https:\/\/evotek.md\/ro\/wp-json\/wp\/v2\/product\/5020"}],"collection":[{"href":"https:\/\/evotek.md\/ro\/wp-json\/wp\/v2\/product"}],"about":[{"href":"https:\/\/evotek.md\/ro\/wp-json\/wp\/v2\/types\/product"}],"wp:featuredmedia":[{"embeddable":true,"href":"https:\/\/evotek.md\/ro\/wp-json\/wp\/v2\/media\/5019"}],"wp:attachment":[{"href":"https:\/\/evotek.md\/ro\/wp-json\/wp\/v2\/media?parent=5020"}],"curies":[{"name":"wp","href":"https:\/\/api.w.org\/{rel}","templated":true}]}}