{"id":5008,"date":"2020-03-12T14:34:36","date_gmt":"2020-03-12T14:36:09","guid":{"rendered":"https:\/\/evotek.md\/?post_type=product&#038;p=5008"},"modified":"2022-06-30T09:00:05","modified_gmt":"2022-06-30T09:00:05","slug":"carucior-de-servire-emp-psv-02","status":"publish","type":"product","link":"https:\/\/evotek.md\/ro\/produse\/mobila-din-inox\/carucioare-pentru-transportare-si-depozitare\/carucior-de-servire-emp-psv-02\/","title":{"rendered":"C\u0102RUCIOR DE SERVIRE -EMP.PSV.02"},"content":{"rendered":"<p><strong>C\u0102RUCIOR DE SERVIRE -EMP.PSV.02- <\/strong>C\u0103ruciorul de servire este utilizat \u00een unit\u0103\u021bile de alimenta\u021bie public\u0103 pentru a transporta bucatele preparate, b\u0103uturi \u0219i vase \u00een sal\u0103, precum \u0219i pentru a transporta vesela murdar\u0103 c\u0103tre departamentul de sp\u0103lare. Modelul este echipat cu 2 rafturi inc\u0103p\u0103toare \u0219i 4 ro\u021bi mobile. Barele sunt din aluminiu iar rafturile din plastic rezistent.<\/p>\n<p>Caracteristici<\/p>\n<p>Parametri: 520x960x1070 mm<\/p>\n<p>&nbsp;<\/p>\n","protected":false},"excerpt":{"rendered":"<p>C\u0103rucior de servire cu dou\u0103 rafturi. Parametri: 520x960x1070 mm<\/p>\n","protected":false},"featured_media":5007,"template":"","meta":[],"_links":{"self":[{"href":"https:\/\/evotek.md\/ro\/wp-json\/wp\/v2\/product\/5008"}],"collection":[{"href":"https:\/\/evotek.md\/ro\/wp-json\/wp\/v2\/product"}],"about":[{"href":"https:\/\/evotek.md\/ro\/wp-json\/wp\/v2\/types\/product"}],"wp:featuredmedia":[{"embeddable":true,"href":"https:\/\/evotek.md\/ro\/wp-json\/wp\/v2\/media\/5007"}],"wp:attachment":[{"href":"https:\/\/evotek.md\/ro\/wp-json\/wp\/v2\/media?parent=5008"}],"curies":[{"name":"wp","href":"https:\/\/api.w.org\/{rel}","templated":true}]}}