{"id":4993,"date":"2020-03-12T14:24:29","date_gmt":"2020-03-12T14:24:29","guid":{"rendered":"https:\/\/evotek.md\/?post_type=product&#038;p=4993"},"modified":"2022-11-15T14:43:35","modified_gmt":"2022-11-15T14:43:35","slug":"pnsp-2p-ts","status":"publish","type":"product","link":"https:\/\/evotek.md\/ro\/produse\/mobila-din-inox\/rafturi-suspendate-din-inox\/pnsp-2p-ts\/","title":{"rendered":"RAFT DE USCARE VESELA 1200x300x350 mm -PNSP-2P-TS"},"content":{"rendered":"<p><strong>RAFT DE USCARE VESELA 1200x300x350 mm -PNSP-2P-TS-<\/strong> Raft suspendat de perete din inox pentru uscare vase,<span style=\"font-size: 14.4px\"> este utilizat pentru depozitarea farfuriilor \u0219i paharelor curate.<\/span><\/p>\n<p>Facilit\u0103\u021bi: Raftul pentru uscarea vaselor este realizat din sarma inox d 3 si 10 mm. Modelul este produs cu un raft pentru farfurii si un raft pentru pahare. Dimensiunile raftului pentru uscarea vaselor v\u0103 permit s\u0103 plasa\u021bi farfurii de p\u00e2n\u0103 la 300 mm \u00een diametru. Material de productie: otel inoxidabil.<\/p>\n<p>Caracteristicu<br \/>\n\u00cen\u0103l\u021bime: 350 mm<br \/>\nL\u0103\u021bime: 300 mm<br \/>\nLungime:\u00a0 500 p\u00e2n\u0103 la 1200 mm<br \/>\nDiametrul platoului: p\u00e2n\u0103 la 300 mm<\/p>\n<p>&nbsp;<\/p>\n","protected":false},"excerpt":{"rendered":"<p>Raft suspendat de perete din inox pentru uscare vase. \u00cen\u0103l\u021bime: 350 mm; L\u0103\u021bime: 300 mm; Lungime:\u00a0 500 p\u00e2n\u0103 la 1200 mm; Diametrul platoului: p\u00e2n\u0103 la 300 mm.<\/p>\n","protected":false},"featured_media":5011,"template":"","meta":[],"_links":{"self":[{"href":"https:\/\/evotek.md\/ro\/wp-json\/wp\/v2\/product\/4993"}],"collection":[{"href":"https:\/\/evotek.md\/ro\/wp-json\/wp\/v2\/product"}],"about":[{"href":"https:\/\/evotek.md\/ro\/wp-json\/wp\/v2\/types\/product"}],"wp:featuredmedia":[{"embeddable":true,"href":"https:\/\/evotek.md\/ro\/wp-json\/wp\/v2\/media\/5011"}],"wp:attachment":[{"href":"https:\/\/evotek.md\/ro\/wp-json\/wp\/v2\/media?parent=4993"}],"curies":[{"name":"wp","href":"https:\/\/api.w.org\/{rel}","templated":true}]}}