{"id":4976,"date":"2020-03-12T13:25:06","date_gmt":"2020-03-12T13:25:06","guid":{"rendered":"https:\/\/evotek.md\/?post_type=product&#038;p=4976"},"modified":"2020-03-12T13:25:06","modified_gmt":"2020-03-12T13:25:06","slug":"carucior-de-servire-emp-2-sv-02","status":"publish","type":"product","link":"https:\/\/evotek.md\/ro\/produse\/mobila-din-inox\/carucioare-pentru-transportare-si-depozitare\/carucior-de-servire-emp-2-sv-02\/","title":{"rendered":"C\u0102RUCIOR DE SERVIRE -EMP.2.SV.02"},"content":{"rendered":"<p><strong>C\u0102RUCIOR DE SERVIRE -EMP.2.SV.02- <\/strong>folosit \u00een restaurante, cantine \u0219i alte unit\u0103\u021bi de alimenta\u021bie public\u0103, patiserii, mini-brut\u0103rii. Se folose\u0219te pentru transportarea \u0219i depozitarea recipientelor gastronomice \u0219i al tavelor.<\/p>\n<p>Caracteristici<\/p>\n<p>Dimensiuni: 550\u0445860\u0445900 mm<\/p>\n<p>Num\u0103rul de rafturi: 2<\/p>\n<p>Greutate net\u0103: 12 kg<\/p>\n<p>&nbsp;<\/p>\n","protected":false},"excerpt":{"rendered":"<p>C\u0103rucior de servire cu dou\u0103 rafturi. Dimensiuni: 550x860x900 mm; Greutate net\u0103: 12 kg.<\/p>\n","protected":false},"featured_media":4975,"template":"","meta":[],"_links":{"self":[{"href":"https:\/\/evotek.md\/ro\/wp-json\/wp\/v2\/product\/4976"}],"collection":[{"href":"https:\/\/evotek.md\/ro\/wp-json\/wp\/v2\/product"}],"about":[{"href":"https:\/\/evotek.md\/ro\/wp-json\/wp\/v2\/types\/product"}],"wp:featuredmedia":[{"embeddable":true,"href":"https:\/\/evotek.md\/ro\/wp-json\/wp\/v2\/media\/4975"}],"wp:attachment":[{"href":"https:\/\/evotek.md\/ro\/wp-json\/wp\/v2\/media?parent=4976"}],"curies":[{"name":"wp","href":"https:\/\/api.w.org\/{rel}","templated":true}]}}