{"id":4938,"date":"2020-03-12T10:46:01","date_gmt":"2020-03-12T10:47:40","guid":{"rendered":"https:\/\/evotek.md\/?post_type=product&#038;p=4938"},"modified":"2023-02-27T12:07:54","modified_gmt":"2023-02-27T12:07:54","slug":"emp-3004-10","status":"publish","type":"product","link":"https:\/\/evotek.md\/ro\/produse\/echipamente-electromecanice\/feliator-paine\/emp-3004-10\/","title":{"rendered":"FELIATOARE DE PAINE, DE MASA, FELIE 10 mm -EMP.3004-10"},"content":{"rendered":"<p><strong>FELIATOARE DE PAINE, DE MASA, FELIE 10 mm -EMP.3004-10- <\/strong>Feliatoarele de p\u00e2ine industriale sunt echipamente necesare pentru brut\u0103rii, cantine ale \u00eentreprinderilor mari, \u0219coli, etc. Acestea sunt destinate t\u0103ierii rapide a unor volume mari de produse de panifica\u021bie pentru ambalarea \u0219i prelucrarea ulterioar\u0103 sau direct la linia de distribuire. Feliatorul va reduce semnificativ timpul \u0219i for\u021ba de munc\u0103 \u00een leg\u0103tur\u0103 cu felierea unor cantit\u0103\u021bi mari de p\u00e2ine \u0219i franzele.<\/p>\n<p>Caracteristici<br \/>\nDimensiuni: 650x650x700 mm<br \/>\nGreutate:120 kg<br \/>\nNum\u0103r de cuj\u021bite: 30<br \/>\nLungimea feliei: 480 mm<br \/>\n\u00cen\u0103l\u021bimea feliei: 130 mm<br \/>\nGrosimea feliei: 10 mm<\/p>\n","protected":false},"excerpt":{"rendered":"<p>Feliator de paine, de masa.\u00a0Dimensiuni: 650x650x700 mm; Greutate:120 kg; Num\u0103r de cuj\u021bite: 30; Lungimea feliei: 480 mm; \u00cen\u0103l\u021bimea feliei: 130 mm; Grosimea feliei: 10 mm.<\/p>\n","protected":false},"featured_media":4937,"template":"","meta":[],"_links":{"self":[{"href":"https:\/\/evotek.md\/ro\/wp-json\/wp\/v2\/product\/4938"}],"collection":[{"href":"https:\/\/evotek.md\/ro\/wp-json\/wp\/v2\/product"}],"about":[{"href":"https:\/\/evotek.md\/ro\/wp-json\/wp\/v2\/types\/product"}],"wp:featuredmedia":[{"embeddable":true,"href":"https:\/\/evotek.md\/ro\/wp-json\/wp\/v2\/media\/4937"}],"wp:attachment":[{"href":"https:\/\/evotek.md\/ro\/wp-json\/wp\/v2\/media?parent=4938"}],"curies":[{"name":"wp","href":"https:\/\/api.w.org\/{rel}","templated":true}]}}