{"id":4929,"date":"2020-03-12T10:12:03","date_gmt":"2020-03-12T10:19:41","guid":{"rendered":"https:\/\/evotek.md\/?post_type=product&#038;p=4929"},"modified":"2023-02-27T10:46:02","modified_gmt":"2023-02-27T10:46:02","slug":"feliator-de-paine","status":"publish","type":"product","link":"https:\/\/evotek.md\/ro\/produse\/echipamente-electromecanice\/feliator-paine\/feliator-de-paine\/","title":{"rendered":"FELIATOR DE PAINE DE SECARA, FELIE 20 mm  -EMP.3002"},"content":{"rendered":"<p><strong> FELIATOR DE PAINE DE SECARA, FELIE 20 mm -EMP.3002-<\/strong> Feliaz\u0103 p\u00e2inea cu minim\u0103 zdrobire datorit\u0103 celor dou\u0103 cu\u021bite paralele. Ma\u0219ina \u00een timpul lucrului nu se mi\u0219c\u0103 din loc, datorit\u0103 greut\u0103\u021bii sale. Toate p\u0103r\u021bile ma\u0219inii care sunt \u00een contact cu feliile de p\u00e2ine sunt fabricate din inox.<\/p>\n<p>Caracteristici<\/p>\n<p>Dimensiuni:700x800x1100 mm<\/p>\n<p>Greutate:132 kg<\/p>\n<p>Num\u0103r de cuj\u021bite: 24<\/p>\n<p>Lungimea feliei: 500 mm<\/p>\n<p>\u00cen\u0103l\u021bimea feliei: 170 mm<\/p>\n<p>Grosimea feliei: 20 mm<\/p>\n","protected":false},"excerpt":{"rendered":"<p>Feliator de p\u00e2ine cu grosimea feliei 20 mm. Dimensiuni:700x800x1100 mm; Greutate:132 kg; Num\u0103r de cuj\u021bite: 24; Lungimea feliei: 500 mm; \u00cen\u0103l\u021bimea feliei: 170 mm; Grosimea feliei: 20 mm.<\/p>\n","protected":false},"featured_media":4926,"template":"","meta":[],"_links":{"self":[{"href":"https:\/\/evotek.md\/ro\/wp-json\/wp\/v2\/product\/4929"}],"collection":[{"href":"https:\/\/evotek.md\/ro\/wp-json\/wp\/v2\/product"}],"about":[{"href":"https:\/\/evotek.md\/ro\/wp-json\/wp\/v2\/types\/product"}],"wp:featuredmedia":[{"embeddable":true,"href":"https:\/\/evotek.md\/ro\/wp-json\/wp\/v2\/media\/4926"}],"wp:attachment":[{"href":"https:\/\/evotek.md\/ro\/wp-json\/wp\/v2\/media?parent=4929"}],"curies":[{"name":"wp","href":"https:\/\/api.w.org\/{rel}","templated":true}]}}