{"id":4896,"date":"2020-03-12T07:49:04","date_gmt":"2020-03-12T07:51:31","guid":{"rendered":"https:\/\/evotek.md\/?post_type=product&#038;p=4896"},"modified":"2023-02-03T14:52:54","modified_gmt":"2023-02-03T14:52:54","slug":"masina-de-intins-aluat-emp-ha-03","status":"publish","type":"product","link":"https:\/\/evotek.md\/ro\/produse\/echipamente-electromecanice\/masina-pentru-indindere-aluat\/masina-de-intins-aluat-emp-ha-03\/","title":{"rendered":"MASINA DE INTINS ALUAT 55 cm -EMP.HA.03"},"content":{"rendered":"<p><strong>MASINA DE INTINS ALUAT 55 cm -EMP.HA.03-<\/strong> Ma\u0219ina de turat aluat este utilizat\u0103 la \u00eentreprinderile din industria alimentar\u0103, alimenta\u021bie public\u0103 \u0219i comer\u021b pentru rularea buc\u0103\u021bilor de aluat \u00eentr-un strat pentru a produce pizza, p\u00e2ine, pl\u0103cinte \u0219i alte produse. Carcasa este din inox. Grosimea aluatului se poate regla.<\/p>\n<p>Caracteristici<\/p>\n<p>Dimensiune: 910x575x535 mm<\/p>\n<p>Energie: 0,75 kW<\/p>\n<p>Viteza de rotatie: 1500<\/p>\n<p>Sursa de alimentare: re\u021bea<\/p>\n<p>Sursa de alimentare: 220 V<\/p>\n<p>Tip de control: electronic<\/p>\n<p>Greutate: 63 kg<\/p>\n<p>Dimensiunile rolelor: 550 mm<\/p>\n<p>&nbsp;<\/p>\n<p>&nbsp;<\/p>\n","protected":false},"excerpt":{"rendered":"<p>Ma\u0219in\u0103 de \u00eentins aluat cu grosimea aluatului reglabil\u0103. Dimensiune: 910x575x535 mm; Energie: 0,75 kW; Viteza de rotatie: 1500; Sursa de alimentare: re\u021bea; Sursa de alimentare: 220 V; Tip de control: electronic; Greutate: 63 kg; Dimensiunile rolelor: 550 mm.<\/p>\n","protected":false},"featured_media":4895,"template":"","meta":[],"_links":{"self":[{"href":"https:\/\/evotek.md\/ro\/wp-json\/wp\/v2\/product\/4896"}],"collection":[{"href":"https:\/\/evotek.md\/ro\/wp-json\/wp\/v2\/product"}],"about":[{"href":"https:\/\/evotek.md\/ro\/wp-json\/wp\/v2\/types\/product"}],"wp:featuredmedia":[{"embeddable":true,"href":"https:\/\/evotek.md\/ro\/wp-json\/wp\/v2\/media\/4895"}],"wp:attachment":[{"href":"https:\/\/evotek.md\/ro\/wp-json\/wp\/v2\/media?parent=4896"}],"curies":[{"name":"wp","href":"https:\/\/api.w.org\/{rel}","templated":true}]}}