{"id":4871,"date":"2020-03-11T15:44:18","date_gmt":"2020-03-11T15:46:43","guid":{"rendered":"https:\/\/evotek.md\/?post_type=product&#038;p=4871"},"modified":"2023-02-23T15:47:46","modified_gmt":"2023-02-23T15:47:46","slug":"masina-de-feliat-emp-350","status":"publish","type":"product","link":"https:\/\/evotek.md\/ro\/produse\/echipamente-electromecanice\/cutter-profesional\/masina-de-feliat-emp-350\/","title":{"rendered":"CUTTER 8 LITRI -EMP.350"},"content":{"rendered":"<p><strong>CUTTER<\/strong> <strong>8 LITRI -EMP.350- <\/strong>Cu ajutorul lui pute\u021bi zdrobi nuci, biscuiti, ciocolat\u0103, s\u0103 toca\u021bi carne, \u0219i s\u0103 macina\u021bi orice produse. O caracteristic\u0103 constructiv\u0103 a acestui model este amplasarea lateral\u0103 a vasului, care evit\u0103 \u00eenc\u0103lzirea produsului de la motorul care func\u021bioneaz\u0103. Carcasa \u0219i interiorul sunt din inox.<\/p>\n<p>Caracteristici<\/p>\n<p>Parametri: 335x262x555 mm<\/p>\n<p>Puterea motorului: 0,37 Kw 1400 rpm -220 V<\/p>\n<p>M\u0103rimea bolului (diametru\/ad\u00e2ncime): 240 mm\/180 mm.<\/p>\n<p>Capacitate: 8 L<\/p>\n<p>Greutate: 19 kg<\/p>\n<p>&nbsp;<\/p>\n<p>&nbsp;<\/p>\n","protected":false},"excerpt":{"rendered":"<p>Ma\u0219in\u0103 de feliat cu o capacitate de 8 l. Parametri: 335x262x555 mm; Puterea motorului: 0,37 Kw 1400 rpm -220 V; M\u0103rimea bolului (diametru\/ad\u00e2ncime): 240 mm\/180 mm; Greutate: 19 kg.<\/p>\n","protected":false},"featured_media":4870,"template":"","meta":[],"_links":{"self":[{"href":"https:\/\/evotek.md\/ro\/wp-json\/wp\/v2\/product\/4871"}],"collection":[{"href":"https:\/\/evotek.md\/ro\/wp-json\/wp\/v2\/product"}],"about":[{"href":"https:\/\/evotek.md\/ro\/wp-json\/wp\/v2\/types\/product"}],"wp:featuredmedia":[{"embeddable":true,"href":"https:\/\/evotek.md\/ro\/wp-json\/wp\/v2\/media\/4870"}],"wp:attachment":[{"href":"https:\/\/evotek.md\/ro\/wp-json\/wp\/v2\/media?parent=4871"}],"curies":[{"name":"wp","href":"https:\/\/api.w.org\/{rel}","templated":true}]}}