{"id":4866,"date":"2020-03-11T15:33:32","date_gmt":"2020-03-11T15:34:33","guid":{"rendered":"https:\/\/evotek.md\/?post_type=product&#038;p=4866"},"modified":"2023-02-23T15:48:07","modified_gmt":"2023-02-23T15:48:07","slug":"masina-de-feliat-sd-01y","status":"publish","type":"product","link":"https:\/\/evotek.md\/ro\/produse\/echipamente-electromecanice\/cutter-profesional\/masina-de-feliat-sd-01y\/","title":{"rendered":"CUTTER 8 LITRI -SD.01Y"},"content":{"rendered":"<p><strong>CUTTER MIXER8 LITRI<\/strong>\u00a0<strong>-SD.01Y- <\/strong>Cu ajutorul lui pute\u021bi zdrobi nuci, biscuiti, ciocolat\u0103, s\u0103 toca\u021bi carne, \u0219i s\u0103 macina\u021bi orice produse. O caracteristic\u0103 constructiv\u0103 a acestui model este amplasarea lateral\u0103 a vasului, care evit\u0103 \u00eenc\u0103lzirea produsului de la motorul care func\u021bioneaz\u0103. Carcasa \u0219i interiorul sunt din inox.<\/p>\n<p>Caracteristici<\/p>\n<p>Parametri: 292x490x365 mm<\/p>\n<p>Puterea motorului: 0.37 kW 1.400 rpm -220 W<\/p>\n<p>M\u0103rimea bolului (diametru\/ad\u00e2ncime): 240 mm\/180 mm.<\/p>\n<p>Capacitate: 8 L<\/p>\n<p>Greutate: 20 kg<\/p>\n<p>&nbsp;<\/p>\n<p>&nbsp;<\/p>\n","protected":false},"excerpt":{"rendered":"<p>Cutter mixer cu o capacitate de 8 l. Parametri: 292x490x365 mm; Puterea motorului: 0.37 kW 1.400 rpm -220 W; M\u0103rimea bolului (diametru\/ad\u00e2ncime): 240 mm\/180 mm; Capacitate: 8 L; Greutate: 20 kg.<\/p>\n","protected":false},"featured_media":4865,"template":"","meta":[],"_links":{"self":[{"href":"https:\/\/evotek.md\/ro\/wp-json\/wp\/v2\/product\/4866"}],"collection":[{"href":"https:\/\/evotek.md\/ro\/wp-json\/wp\/v2\/product"}],"about":[{"href":"https:\/\/evotek.md\/ro\/wp-json\/wp\/v2\/types\/product"}],"wp:featuredmedia":[{"embeddable":true,"href":"https:\/\/evotek.md\/ro\/wp-json\/wp\/v2\/media\/4865"}],"wp:attachment":[{"href":"https:\/\/evotek.md\/ro\/wp-json\/wp\/v2\/media?parent=4866"}],"curies":[{"name":"wp","href":"https:\/\/api.w.org\/{rel}","templated":true}]}}