{"id":4855,"date":"2020-03-11T15:09:07","date_gmt":"2020-03-11T15:09:07","guid":{"rendered":"https:\/\/evotek.md\/?post_type=product&#038;p=4855"},"modified":"2020-05-19T10:57:05","modified_gmt":"2020-05-19T10:57:05","slug":"feliator-de-legume-emp-300","status":"publish","type":"product","link":"https:\/\/evotek.md\/ro\/produse\/echipamente-electromecanice\/feliatoare-legume-si-cutite-feliatoare\/feliatoare-legume\/feliator-de-legume-emp-300\/","title":{"rendered":"FELIATOR DE LEGUME -EMP.300"},"content":{"rendered":"<p><strong>FELIATOR DE LEGUME -EMP.300- <\/strong>Este utilizat la \u00eentreprinderile de alimenta\u021bie public\u0103 \u0219i comer\u021b pentru t\u0103ierea legumelor crude sau fierte \u0219i utilizarea lor ulterioar\u0103 ca ingrediente pentru prepararea salatelor, a chipsurilor \u0219i a altor produse. Carcasa \u0219i lama feliatorului de legume sunt din inox. Lamele sunt u\u0219or de \u00eendep\u0103rtat pentru cur\u0103\u021bare. Acest feliator de legume are stativ.<\/p>\n<p>Caracteristici<\/p>\n<p>Parametri: 418x356x501 mm<\/p>\n<p>Productivitate maxim\u0103: 300 kg<\/p>\n<p>Viteza maxim\u0103 de rota\u021bie: 1400 rpm<\/p>\n<p>Greutate: 29 kg<\/p>\n<p>&nbsp;<\/p>\n<p>&nbsp;<\/p>\n","protected":false},"excerpt":{"rendered":"<p>Feliator de legume cu o productivitate maxim\u0103 de 300 kg. Parametri: 418x356x501 mm; Viteza maxim\u0103 de rota\u021bie: 1400 rpm; Greutate: 29 kg.<\/p>\n","protected":false},"featured_media":4854,"template":"","meta":[],"_links":{"self":[{"href":"https:\/\/evotek.md\/ro\/wp-json\/wp\/v2\/product\/4855"}],"collection":[{"href":"https:\/\/evotek.md\/ro\/wp-json\/wp\/v2\/product"}],"about":[{"href":"https:\/\/evotek.md\/ro\/wp-json\/wp\/v2\/types\/product"}],"wp:featuredmedia":[{"embeddable":true,"href":"https:\/\/evotek.md\/ro\/wp-json\/wp\/v2\/media\/4854"}],"wp:attachment":[{"href":"https:\/\/evotek.md\/ro\/wp-json\/wp\/v2\/media?parent=4855"}],"curies":[{"name":"wp","href":"https:\/\/api.w.org\/{rel}","templated":true}]}}