{"id":4798,"date":"2020-03-11T11:30:47","date_gmt":"2020-03-11T11:33:58","guid":{"rendered":"https:\/\/evotek.md\/?post_type=product&#038;p=4798"},"modified":"2025-08-04T13:06:07","modified_gmt":"2025-08-04T13:06:07","slug":"emp-pls-7ke020-y","status":"publish","type":"product","link":"https:\/\/evotek.md\/ro\/produse\/echipamente-termice\/plite-electrice\/emp-pls-7ke020-y\/","title":{"rendered":"PLITA ELECTRICA CU 4 ARZATOARE ROTUNDE -EMP.PLS.7KE020-Y"},"content":{"rendered":"<p><strong>PLITA ELECTRICA CU 4 ARZATOARE ROTUNDE -EMP.PLS.7KE020-Y-<\/strong> Plit\u0103 electric\u0103 cu patru arz\u0103toare. Sistem de termocuplare \u0219i aprindere cu control automat. Fiecare arz\u0103tor are propriul controler. Este u\u0219or de cur\u0103\u021bat, rezistent \u0219i igienic, placa este echipat\u0103 cu valve de siguran\u021b\u0103.<\/p>\n<p>Caracteristici<br \/>\nPlit\u0103 electric\u0103 cu 4 arz\u0103toare rotunde<br \/>\nDimensiuni: 800x730x300 mm<br \/>\nConexiuni: 400 V<br \/>\nPutere: 8 kW<br \/>\nGreutate net\u0103: 55 kg<\/p>\n<p>&nbsp;<\/p>\n","protected":false},"excerpt":{"rendered":"<p>Plit\u0103 electric\u0103 cu patru arz\u0103toare. Dimensiuni: 800x730x300 mm; Conexiuni: 400 V; Putere: 8 kW; Greutate net\u0103: 55 kg.<\/p>\n","protected":false},"featured_media":4797,"template":"","meta":[],"_links":{"self":[{"href":"https:\/\/evotek.md\/ro\/wp-json\/wp\/v2\/product\/4798"}],"collection":[{"href":"https:\/\/evotek.md\/ro\/wp-json\/wp\/v2\/product"}],"about":[{"href":"https:\/\/evotek.md\/ro\/wp-json\/wp\/v2\/types\/product"}],"wp:featuredmedia":[{"embeddable":true,"href":"https:\/\/evotek.md\/ro\/wp-json\/wp\/v2\/media\/4797"}],"wp:attachment":[{"href":"https:\/\/evotek.md\/ro\/wp-json\/wp\/v2\/media?parent=4798"}],"curies":[{"name":"wp","href":"https:\/\/api.w.org\/{rel}","templated":true}]}}