{"id":4758,"date":"2020-03-11T09:50:24","date_gmt":"2020-03-11T09:52:11","guid":{"rendered":"https:\/\/evotek.md\/?post_type=product&#038;p=4758"},"modified":"2023-01-17T13:14:23","modified_gmt":"2023-01-17T13:14:23","slug":"plita-electrica-emp-6ke020","status":"publish","type":"product","link":"https:\/\/evotek.md\/ro\/produse\/echipamente-termice\/plite-electrice\/plita-electrica-emp-6ke020\/","title":{"rendered":"PLITA ELECTRICA CU 4 ARZATOARE -EMP.6KE020"},"content":{"rendered":"<p><strong>PLITA ELECTRICA CU 4 ARZATOARE -EMP.6KE020<\/strong>&#8211; Plit\u0103 electric\u0103 cupatru arz\u0103toare. Sistem de termocuplare \u0219i aprindere cu control automat. Fiecare arz\u0103tor are propriul controler. Este u\u0219or de cur\u0103\u021bat, rezistent \u0219i igienic, placa este echipat\u0103 cu valve de siguran\u021b\u0103.<\/p>\n<p>Caracteristici<\/p>\n<p>Dimensiune: 600\u0445635\u0445285 mm<\/p>\n<p>Conexiune: 400 V<\/p>\n<p>Putere: 7 kW<\/p>\n<p>Greutate net\u0103: 34 kg<\/p>\n<p>&nbsp;<\/p>\n","protected":false},"excerpt":{"rendered":"<p>Plit\u0103 electric\u0103 cu patru arz\u0103toare. Dimensiune: 600\u0445635\u0445285 mm; Conexiune: 400 V; Putere: 7 Kw; Greutate net\u0103: 34 kg.<\/p>\n","protected":false},"featured_media":4757,"template":"","meta":[],"_links":{"self":[{"href":"https:\/\/evotek.md\/ro\/wp-json\/wp\/v2\/product\/4758"}],"collection":[{"href":"https:\/\/evotek.md\/ro\/wp-json\/wp\/v2\/product"}],"about":[{"href":"https:\/\/evotek.md\/ro\/wp-json\/wp\/v2\/types\/product"}],"wp:featuredmedia":[{"embeddable":true,"href":"https:\/\/evotek.md\/ro\/wp-json\/wp\/v2\/media\/4757"}],"wp:attachment":[{"href":"https:\/\/evotek.md\/ro\/wp-json\/wp\/v2\/media?parent=4758"}],"curies":[{"name":"wp","href":"https:\/\/api.w.org\/{rel}","templated":true}]}}