{"id":4753,"date":"2020-03-11T09:41:07","date_gmt":"2020-03-11T09:41:07","guid":{"rendered":"https:\/\/evotek.md\/?post_type=product&#038;p=4753"},"modified":"2020-03-11T09:41:25","modified_gmt":"2020-03-11T09:41:25","slug":"vitrina-rece-de-deservire-px-1500-exclusiv","status":"publish","type":"product","link":"https:\/\/evotek.md\/ro\/produse\/linii-de-distributie\/linie-deservire-exclusiv\/vitrina-rece-de-deservire-px-1500-exclusiv\/","title":{"rendered":"Vitrin\u0103 rece de deservire PX-1500 Exclusiv"},"content":{"rendered":"<p>Vitrina frigorific\u0103 PX-1500 Classic este proiectat\u0103 pentru demonstrarea \u0219i distribuirea diverselor feluri de m\u00e2ncare, care necesit\u0103 depozitarea \u00een stare rece. Unitatea de control v\u0103 permite s\u0103 seta\u021bi \u0219i s\u0103 controla\u021bi regimul de temperatur\u0103 al vitrinei frigorifice.<\/p>\n<p>Tipul echipamentului Vitrina frigorific\u0103<\/p>\n<p>Tensiune: 220 V.<\/p>\n<p>Putere: 0,3 kW.<\/p>\n<p>Interval de control al temperaturii, \u0421 +2 &#8230; + 8<\/p>\n<p>Dimensiuni (L \/ W \/ H), mm. 1500\u0445700\u04451290<\/p>\n<p>Greutate, kg 112<\/p>\n<p>Vasele GN nu sunt incluse.<\/p>\n<p>&nbsp;<\/p>\n","protected":false},"excerpt":{"rendered":"<p>Linie de autoservire Exclusiv.Vitrin\u0103 rece . Dezghetare automat\u0103. Putere: 0,3 kW. Dimensiuni (L \/ W \/ H), mm. 1500\u0445700\u04451290<\/p>\n","protected":false},"featured_media":4752,"template":"","meta":[],"_links":{"self":[{"href":"https:\/\/evotek.md\/ro\/wp-json\/wp\/v2\/product\/4753"}],"collection":[{"href":"https:\/\/evotek.md\/ro\/wp-json\/wp\/v2\/product"}],"about":[{"href":"https:\/\/evotek.md\/ro\/wp-json\/wp\/v2\/types\/product"}],"wp:featuredmedia":[{"embeddable":true,"href":"https:\/\/evotek.md\/ro\/wp-json\/wp\/v2\/media\/4752"}],"wp:attachment":[{"href":"https:\/\/evotek.md\/ro\/wp-json\/wp\/v2\/media?parent=4753"}],"curies":[{"name":"wp","href":"https:\/\/api.w.org\/{rel}","templated":true}]}}