{"id":4710,"date":"2020-03-11T08:15:05","date_gmt":"2020-03-11T08:17:00","guid":{"rendered":"https:\/\/evotek.md\/?post_type=product&#038;p=4710"},"modified":"2023-01-17T13:13:03","modified_gmt":"2023-01-17T13:13:03","slug":"plita-electrica-c1270e-700","status":"publish","type":"product","link":"https:\/\/evotek.md\/ro\/produse\/echipamente-termice\/plite-electrice\/plita-electrica-c1270e-700\/","title":{"rendered":"PLITA ELECTRICA CU 6 ARZATOARE -C1270E 700"},"content":{"rendered":"<p><strong>PLITA ELECTRICA CU 6 ARZATOARE -C1270E 700- <\/strong>Plit\u0103 electric\u0103 cu \u0219ase arz\u0103toare. Eficien\u021b\u0103 ridicat\u0103 de g\u0103tire \u0219i distribu\u021bie uniform\u0103 a c\u0103ldurii. Fiecare arz\u0103tor are propriul controler cu 6 nivele, temperatura reglabil\u0103 \u00een intervalul 90-450 \u2103. \u00cen caz de supra\u00eenc\u0103lzire, alimentarea se opre\u0219te automat.<\/p>\n<p>Caracteristici<\/p>\n<p>Dimensiune: 120x70x29 cm<\/p>\n<p>Tensiune: 400 V\/50 Hz<\/p>\n<p>Putere: 15,6 kW<\/p>\n<p>Greutate net\u0103: 47 kg<\/p>\n<p>&nbsp;<\/p>\n<p>&nbsp;<\/p>\n","protected":false},"excerpt":{"rendered":"<p>Plit\u0103 electric\u0103 cu \u0219ase arz\u0103toare. Dimensiune: 120x70x29 cm; Tensiune: 400 V\/50 Hz; Putere: 15,6 kW; Greutate net\u0103: 47 kg<\/p>\n","protected":false},"featured_media":4709,"template":"","meta":[],"_links":{"self":[{"href":"https:\/\/evotek.md\/ro\/wp-json\/wp\/v2\/product\/4710"}],"collection":[{"href":"https:\/\/evotek.md\/ro\/wp-json\/wp\/v2\/product"}],"about":[{"href":"https:\/\/evotek.md\/ro\/wp-json\/wp\/v2\/types\/product"}],"wp:featuredmedia":[{"embeddable":true,"href":"https:\/\/evotek.md\/ro\/wp-json\/wp\/v2\/media\/4709"}],"wp:attachment":[{"href":"https:\/\/evotek.md\/ro\/wp-json\/wp\/v2\/media?parent=4710"}],"curies":[{"name":"wp","href":"https:\/\/api.w.org\/{rel}","templated":true}]}}