{"id":4699,"date":"2020-03-11T07:47:36","date_gmt":"2020-03-11T07:49:04","guid":{"rendered":"https:\/\/evotek.md\/?post_type=product&#038;p=4699"},"modified":"2023-01-17T13:01:21","modified_gmt":"2023-01-17T13:01:21","slug":"plita-electrica-c4070e-700","status":"publish","type":"product","link":"https:\/\/evotek.md\/ro\/produse\/echipamente-termice\/plite-electrice\/plita-electrica-c4070e-700\/","title":{"rendered":"PLITA ELECTRICA CU 2 ARZATOARE -C4070E 700"},"content":{"rendered":"<p><strong>PLITA ELECTRICA CU 2 ARZATOARE -C4070E 700- <\/strong>Plit\u0103 electric\u0103 cu doua arz\u0103toare. Eficien\u021b\u0103 ridicat\u0103 de g\u0103tire \u0219i distribu\u021bie uniform\u0103 a c\u0103ldurii. Fiecare arz\u0103tor are propriul controler cu 6 nivele, temperatura reglabil\u0103 \u00een intervalul 90-450 \u2103. \u00cen caz de supra\u00eenc\u0103lzire, alimentarea se opre\u0219te automat.<\/p>\n<p>Caracteristici<\/p>\n<p>Dimensiune: 40x70x29 cm<\/p>\n<p>Tensiune: 400 V\/50 Hz<\/p>\n<p>Putere: 5,2 kW<\/p>\n<p>Greutate net\u0103: 17 kg<\/p>\n<p>&nbsp;<\/p>\n","protected":false},"excerpt":{"rendered":"<p>Plit\u0103 electric\u0103 cu dou\u0103 arz\u0103toare. Dimensiune: 40x70x29 cm; Tensiune: 400 V\/50 Hz; Putere: 5,2 kW; Greutate net\u0103: 17 kg<\/p>\n","protected":false},"featured_media":4698,"template":"","meta":[],"_links":{"self":[{"href":"https:\/\/evotek.md\/ro\/wp-json\/wp\/v2\/product\/4699"}],"collection":[{"href":"https:\/\/evotek.md\/ro\/wp-json\/wp\/v2\/product"}],"about":[{"href":"https:\/\/evotek.md\/ro\/wp-json\/wp\/v2\/types\/product"}],"wp:featuredmedia":[{"embeddable":true,"href":"https:\/\/evotek.md\/ro\/wp-json\/wp\/v2\/media\/4698"}],"wp:attachment":[{"href":"https:\/\/evotek.md\/ro\/wp-json\/wp\/v2\/media?parent=4699"}],"curies":[{"name":"wp","href":"https:\/\/api.w.org\/{rel}","templated":true}]}}