{"id":4640,"date":"2020-03-10T15:27:02","date_gmt":"2020-03-10T15:31:54","guid":{"rendered":"https:\/\/evotek.md\/?post_type=product&#038;p=4640"},"modified":"2023-01-17T13:13:27","modified_gmt":"2023-01-17T13:13:27","slug":"plita-electrica-c6060e","status":"publish","type":"product","link":"https:\/\/evotek.md\/ro\/produse\/echipamente-termice\/plite-electrice\/plita-electrica-c6060e\/","title":{"rendered":"PLITA ELECTRICA CU 4 ARZATOARE -C6060E"},"content":{"rendered":"<p><strong>PLITA ELECTRICA CU 4 ARZATOARE -C6060E- <\/strong>Plit\u0103 electric\u0103 cu patru arz\u0103toare. Eficien\u021b\u0103 ridicat\u0103 de g\u0103tire \u0219i distribu\u021bie uniform\u0103 a c\u0103ldurii. Fiecare arz\u0103tor are propriul controler cu 6 nivele, temperatura reglabil\u0103 \u00een intervalul 90-450 \u2103. \u00cen caz de supra\u00eenc\u0103lzire, alimentarea se opre\u0219te automat.<\/p>\n<p>Caracteristici<\/p>\n<p>Dimensiune: 60x60x30 cm<\/p>\n<p>Tensiune: 400 V\/50 Hz<\/p>\n<p>Putere: 7 kW<\/p>\n<p>Greutate net\u0103: 28 kg<\/p>\n<p>&nbsp;<\/p>\n","protected":false},"excerpt":{"rendered":"<p>Plit\u0103 electric\u0103 cu patru arz\u0103toare. Dimensiune: 60x60x30 cm; Tensiune: 400 V\/50 Hz; Putere: 7 kW; Greutate net\u0103: 28 kg<\/p>\n","protected":false},"featured_media":4692,"template":"","meta":[],"_links":{"self":[{"href":"https:\/\/evotek.md\/ro\/wp-json\/wp\/v2\/product\/4640"}],"collection":[{"href":"https:\/\/evotek.md\/ro\/wp-json\/wp\/v2\/product"}],"about":[{"href":"https:\/\/evotek.md\/ro\/wp-json\/wp\/v2\/types\/product"}],"wp:featuredmedia":[{"embeddable":true,"href":"https:\/\/evotek.md\/ro\/wp-json\/wp\/v2\/media\/4692"}],"wp:attachment":[{"href":"https:\/\/evotek.md\/ro\/wp-json\/wp\/v2\/media?parent=4640"}],"curies":[{"name":"wp","href":"https:\/\/api.w.org\/{rel}","templated":true}]}}