{"id":43347,"date":"2026-05-10T17:15:21","date_gmt":"2026-05-10T17:15:22","guid":{"rendered":"https:\/\/evotek.md\/?post_type=product&#038;p=43347"},"modified":"2026-05-10T17:21:13","modified_gmt":"2026-05-10T17:21:13","slug":"408032b03f","status":"publish","type":"product","link":"https:\/\/evotek.md\/ro\/produse\/echipamente-electromecanice\/mixer-pentru-carne\/408032b03f\/","title":{"rendered":"MIXER PENTRU CARNE, ELECTRIC, 42 LITRI \/ 30 KG -SIRMAN-408032B03F"},"content":{"rendered":"<p><strong>MIXER PENTRU CARNE, ELECTRIC, 42 LITRI \/ 30 KG -SIRMAN-408032B03F<br \/>\n<\/strong><br \/>\nCaracteristici<br \/>\nTensiune: 380 V<br \/>\nPutere: 1,47 kW<br \/>\nLungime: 680 mm<br \/>\nL\u0103\u021bime: 365 mm<br \/>\n\u00cen\u0103l\u021bime: 530 mm<br \/>\nGreutate net\u0103: 49 kg<br \/>\nLungime in ambalaj: 700 mm<br \/>\nL\u0103\u021bime in ambalaj: 500 mm<br \/>\n\u00cen\u0103l\u021bime in ambalaj: 800 mm<br \/>\nDimensiuni cuv\u0103: 300&#215;400 mm<br \/>\nCapacitate cuv\u0103: 42 litri, sau 30 kg<br \/>\nConstruc\u021bie din o\u021bel inoxidabil Aisi 304<br \/>\nCutie de viteze etan\u0219at\u0103 cu angrenaje imersate \u00een ulei din o\u021bel rectificat \u0219i c\u0103lit<br \/>\nSistem de siguran\u021b\u0103 al transmisiei angrenajelor cu etan\u0219are dubl\u0103<br \/>\nCapac cu micro\u00eentrerup\u0103tor de siguran\u021b\u0103<br \/>\nPaleta din o\u021bel inoxidabil Aisi 304 se \u00eendep\u0103rteaz\u0103 u\u0219or f\u0103r\u0103 unelte<br \/>\nUn suport pentru recipientul de deschidere permite scoaterea paletei de fr\u0103m\u00e2ntare<br \/>\nPanou de control IP54 cu inversor<\/p>\n","protected":false},"excerpt":{"rendered":"<p>Mixer pentru carne. Tensiune: 380 V; Putere: 1,47 kW; Lungime: 680 mm; L\u0103\u021bime: 365 mm; \u00cen\u0103l\u021bime: 530 mm; Greutate net\u0103: 49 kg; Lungime in ambalaj: 700 mm; L\u0103\u021bime in ambalaj: 500 mm; \u00cen\u0103l\u021bime in ambalaj: 800 mm; Dimensiuni cuv\u0103: 300&#215;400 mm; Capacitate cuv\u0103: 42 litri, sau 30 kg; Construc\u021bie din o\u021bel inoxidabil Aisi 304; Cutie de viteze etan\u0219at\u0103 cu angrenaje imersate \u00een ulei din o\u021bel rectificat \u0219i c\u0103lit; Sistem de siguran\u021b\u0103 al transmisiei angrenajelor cu etan\u0219are dubl\u0103; Capac cu micro\u00eentrerup\u0103tor de siguran\u021b\u0103; Paleta din o\u021bel inoxidabil Aisi 304 se \u00eendep\u0103rteaz\u0103 u\u0219or f\u0103r\u0103 unelte; Un suport pentru recipientul de deschidere permite scoaterea paletei de fr\u0103m\u00e2ntare; Panou de control IP54 cu inversor.<\/p>\n","protected":false},"featured_media":43341,"template":"","meta":[],"_links":{"self":[{"href":"https:\/\/evotek.md\/ro\/wp-json\/wp\/v2\/product\/43347"}],"collection":[{"href":"https:\/\/evotek.md\/ro\/wp-json\/wp\/v2\/product"}],"about":[{"href":"https:\/\/evotek.md\/ro\/wp-json\/wp\/v2\/types\/product"}],"wp:featuredmedia":[{"embeddable":true,"href":"https:\/\/evotek.md\/ro\/wp-json\/wp\/v2\/media\/43341"}],"wp:attachment":[{"href":"https:\/\/evotek.md\/ro\/wp-json\/wp\/v2\/media?parent=43347"}],"curies":[{"name":"wp","href":"https:\/\/api.w.org\/{rel}","templated":true}]}}