{"id":43327,"date":"2026-04-19T13:05:14","date_gmt":"2026-04-19T13:05:14","guid":{"rendered":"https:\/\/evotek.md\/?post_type=product&#038;p=43327"},"modified":"2026-04-19T13:15:25","modified_gmt":"2026-04-19T13:15:25","slug":"smart-80lvst","status":"publish","type":"product","link":"https:\/\/evotek.md\/ro\/produse\/echipamente-electromecanice\/mixer-planetar\/smart-80lvst\/","title":{"rendered":"MIXER PLANETAR, 80 LITRI (ALB) -DOMINO-SMART 80LVST"},"content":{"rendered":"<div><strong>MIXER PLANETAR 80L (Alb) &#8211; DOMINO-SMART 80LVST-<\/strong> Gama de mixere planetare SMART este conceput\u0103 pentru procesarea aluatului potrivit pentru patiserie, p\u00e2ine \u0219i pizza. Sunt disponibile \u00een patru modele diferite, \u00een func\u021bie de capacitatea bolului, pentru a satisface o varietate de nevoi de produc\u021bie. Fiecare mixer planetar vine cu un bol din o\u021bel inoxidabil \u0219i instrumente standard: un tel, o lam\u0103 \u0219i un c\u00e2rlig spiralat. Spre deosebire de modelele mai mici, mixerele planetare SMART 40\/60\/80 sunt echipate cu o p\u00e2rghie pentru mi\u0219carea bolului \u00een sus \u0219i \u00een jos, precum \u0219i cu o protec\u021bie transparent\u0103 din plastic cu un strat anti-orbire, permi\u021b\u00e2ndu-v\u0103 s\u0103 monitoriza\u021bi aluatul \u00een fiecare etap\u0103 \u0219i simplific\u00e2nd cur\u0103\u021barea ulterioar\u0103. Designul meticulos face ca aceste mixere planetare s\u0103 fie asisten\u021bi indispensabili \u00een brut\u0103rii, cofet\u0103rii \u0219i restaurante.<\/div>\n<div><\/div>\n<div>Caracteristici<\/div>\n<div>Capacitate bol: 80 litri<\/div>\n<div>Dimensiuni (LaxAdx\u00cen): 75x96x160 cm<\/div>\n<div>Greutate: 245 kg<\/div>\n<div>Vitez\u0103: variabil\u0103<\/div>\n<div>Surs\u0103 de alimentare: 2,2 kW<\/div>\n<div>Construc\u021bie din o\u021bel vopsit, bol din o\u021bel inoxidabil<\/div>\n<div>Ap\u0103r\u0103toare transparent\u0103 din plastic AR<\/div>\n<div>Unelte incluse: tel, cu\u021bit, c\u00e2rlig spiralat<\/div>\n<div>Tensiune standard: 400 V, trifazat, 50 Hz<\/div>\n<div>Vitez\u0103 reglabil\u0103<\/div>\n<div>Bol ridicat\/cobor\u00e2t cu p\u00e2rghie<\/div>\n<div>\u021aara de origine: Italia<\/div>\n","protected":false},"excerpt":{"rendered":"<p>Mixer planetar. Capacitate bol: 80 litri; Dimensiuni (LaxAdx\u00cen): 75x96x160 cm; Greutate: 245 kg; Vitez\u0103: variabil\u0103; Surs\u0103 de alimentare: 2,2 kW; Construc\u021bie din o\u021bel vopsit, bol din o\u021bel inoxidabil; Ap\u0103r\u0103toare transparent\u0103 din plastic AR; Unelte incluse: tel, cu\u021bit, c\u00e2rlig spiralat; Tensiune standard: 400 V, trifazat, 50 Hz; Vitez\u0103 reglabil\u0103; Bol ridicat\/cobor\u00e2t cu p\u00e2rghie; \u021aara de origine: Italia.<\/p>\n","protected":false},"featured_media":43329,"template":"","meta":[],"_links":{"self":[{"href":"https:\/\/evotek.md\/ro\/wp-json\/wp\/v2\/product\/43327"}],"collection":[{"href":"https:\/\/evotek.md\/ro\/wp-json\/wp\/v2\/product"}],"about":[{"href":"https:\/\/evotek.md\/ro\/wp-json\/wp\/v2\/types\/product"}],"wp:featuredmedia":[{"embeddable":true,"href":"https:\/\/evotek.md\/ro\/wp-json\/wp\/v2\/media\/43329"}],"wp:attachment":[{"href":"https:\/\/evotek.md\/ro\/wp-json\/wp\/v2\/media?parent=43327"}],"curies":[{"name":"wp","href":"https:\/\/api.w.org\/{rel}","templated":true}]}}