{"id":43315,"date":"2026-04-19T12:40:39","date_gmt":"2026-04-19T12:40:39","guid":{"rendered":"https:\/\/evotek.md\/?post_type=product&#038;p=43315"},"modified":"2026-04-19T13:00:50","modified_gmt":"2026-04-19T13:00:50","slug":"domino-sm7","status":"publish","type":"product","link":"https:\/\/evotek.md\/ro\/produse\/echipamente-electromecanice\/mixer-planetar\/domino-sm7\/","title":{"rendered":"MIXER PLANETAR, 6.8 LITRI (ALB) -DOMINO-SM7"},"content":{"rendered":"<p><strong>MIXER PLANETAR, 6.8 LITRI (ALB) -DOMINO-SM7- <\/strong>Malaxorul vertical este conceput pentru fr\u0103m\u00e2ntarea diferitelor tipuri de aluat, precum \u0219i pentru a prepara frisca, piure, sosuri \u0219i cocktailuril \u00een magazinele de alimenta\u021bie public\u0103 \u0219i comer\u021b. Dispune de un control electronic al vitezei cu buton de blocare, un semnal sonor care indic\u0103 sf\u00e2r\u0219itul procesului de amestecare \u0219i un capac protector transparent. Carcasa este fabricata din o\u021bel vopsit, bolul este din o\u021bel inoxidabil, iar capacul este din ABS.<\/p>\n<p>Caracteristici<br \/>\nInstalare: de mas\u0103<br \/>\nCapacitate bol: 6,8 litri<br \/>\nMecanism de ridicare a capului: bar\u0103 transversal\u0103 de ridicare<br \/>\nViteze: vitez\u0103 variabil\u0103 (reglare lin\u0103)<br \/>\nTensiune: 220 V<br \/>\nPutere: 0,5 kW<br \/>\nL\u0103\u021bime: 230 mm<br \/>\nAd\u00e2ncime: 410 mm<br \/>\n\u00cen\u0103l\u021bime: 420 mm<br \/>\nGreutate: (f\u0103r\u0103 ambalaj) 17 kg<br \/>\nCuloare: alb<br \/>\nInclude 3 accesorii: tel, c\u00e2rlig \u0219i spatul\u0103<br \/>\nCarcasa este din o\u021bel vopsit, bolul din o\u021bel inoxidabil, iar capacul este din ABS.<br \/>\n\u021aara de origine: Italia<\/p>\n","protected":false},"excerpt":{"rendered":"<p>Mixer planetar cu un volum de 6.8 litri. Instalare: de mas\u0103; Mecanism de ridicare a capului: bar\u0103 transversal\u0103 de ridicare; Viteze: vitez\u0103 variabil\u0103 (reglare lin\u0103); Tensiune: 220 V; Putere: 0,5 kW; L\u0103\u021bime: 230 mm; Ad\u00e2ncime: 410 mm; \u00cen\u0103l\u021bime: 420 mm; Greutate: (f\u0103r\u0103 ambalaj) 17 kg; Culoare: alb; Include 3 accesorii: tel, c\u00e2rlig \u0219i spatul\u0103; \u021aara de origine: Italia.<\/p>\n","protected":false},"featured_media":43320,"template":"","meta":[],"_links":{"self":[{"href":"https:\/\/evotek.md\/ro\/wp-json\/wp\/v2\/product\/43315"}],"collection":[{"href":"https:\/\/evotek.md\/ro\/wp-json\/wp\/v2\/product"}],"about":[{"href":"https:\/\/evotek.md\/ro\/wp-json\/wp\/v2\/types\/product"}],"wp:featuredmedia":[{"embeddable":true,"href":"https:\/\/evotek.md\/ro\/wp-json\/wp\/v2\/media\/43320"}],"wp:attachment":[{"href":"https:\/\/evotek.md\/ro\/wp-json\/wp\/v2\/media?parent=43315"}],"curies":[{"name":"wp","href":"https:\/\/api.w.org\/{rel}","templated":true}]}}