{"id":43312,"date":"2026-04-19T12:33:28","date_gmt":"2026-04-19T12:33:28","guid":{"rendered":"https:\/\/evotek.md\/?post_type=product&#038;p=43312"},"modified":"2026-04-19T12:36:41","modified_gmt":"2026-04-19T12:36:41","slug":"domino-mama30","status":"publish","type":"product","link":"https:\/\/evotek.md\/ro\/produse\/fara-categorie\/domino-mama30\/","title":{"rendered":"FERMENTATOR PENTRU DROJDIE NATURALA LICHIDA 30 LITRI -DOMINO-MAMA30"},"content":{"rendered":"<p><strong>FERMENTATOR PENTRU DROJDIE NATURALA LICHIDA 30 LITRI -DOMINO-MAMA30<\/strong>&#8211; Fermentatorul lichid pentru drojdie este o ma\u0219in\u0103 tehnologic\u0103 cu trei etape de lucru (amestecare, maturare \u0219i depozitare), capabil\u0103 s\u0103 genereze \u0219i s\u0103 depoziteze drojdie natural\u0103 \u00een form\u0103 lichid\u0103, echipat\u0103 cu programe de control al timpului \u0219i temperaturii. Aceast\u0103 ma\u0219in\u0103 inovatoare proceseaz\u0103 automat drojdia natural\u0103, ceea ce permite economii semnificative \u00een timpul de lucru \u0219i faciliteaz\u0103 procesarea drojdiei naturale, rezult\u00e2nd un produs \u00eentotdeauna omogen, aromat \u0219i u\u0219or de digerat. A fost conceput pentru a satisface nevoile profesioni\u0219tilor precum brutari, cofetari \u0219i pizzari.<\/p>\n<p>Caracteristici<br \/>\nCapacitate bol: 30 litri<br \/>\nCapacitate de produc\u021bie: 25 kg<br \/>\nCapacitate util\u0103: 20 kg<br \/>\nCantitate minim\u0103 de produs \u00eentr-un bol: 6 kg<br \/>\nInterval de temperatur\u0103: 4\/40 \u00b0C<br \/>\nDimensiuni (LaxAdx\u00cen) 70,5\u00d776,5\u00d7124 cm<br \/>\nGreutate: 107 kg<br \/>\nConexiune: 0,9 kW<br \/>\nCantitate minim\u0103 de produs \u00eentr-un bol: 10 kg<\/p>\n","protected":false},"excerpt":{"rendered":"<p>Fermentator pentru drojdie natural\u0103 lichid\u0103. Capacitate bol: 30 litri; Capacitate de produc\u021bie: 25 kg; Capacitate util\u0103: 20 kg; Cantitate minim\u0103 de produs \u00eentr-un bol: 6 kg; Interval de temperatur\u0103: 4\/40 \u00b0C; Dimensiuni (LaxAdx\u00cen) 70,5\u00d776,5\u00d7124 cm; Greutate: 107 kg; Conexiune: 0,9 kW; Cantitate minim\u0103 de produs \u00eentr-un bol: 10 kg.<\/p>\n","protected":false},"featured_media":42564,"template":"","meta":[],"_links":{"self":[{"href":"https:\/\/evotek.md\/ro\/wp-json\/wp\/v2\/product\/43312"}],"collection":[{"href":"https:\/\/evotek.md\/ro\/wp-json\/wp\/v2\/product"}],"about":[{"href":"https:\/\/evotek.md\/ro\/wp-json\/wp\/v2\/types\/product"}],"wp:featuredmedia":[{"embeddable":true,"href":"https:\/\/evotek.md\/ro\/wp-json\/wp\/v2\/media\/42564"}],"wp:attachment":[{"href":"https:\/\/evotek.md\/ro\/wp-json\/wp\/v2\/media?parent=43312"}],"curies":[{"name":"wp","href":"https:\/\/api.w.org\/{rel}","templated":true}]}}