{"id":43307,"date":"2026-04-19T12:13:52","date_gmt":"2026-04-19T12:13:52","guid":{"rendered":"https:\/\/evotek.md\/?post_type=product&#038;p=43307"},"modified":"2026-04-19T12:39:16","modified_gmt":"2026-04-19T12:39:16","slug":"domino-mag-80","status":"publish","type":"product","link":"https:\/\/evotek.md\/ro\/produse\/echipamente-electromecanice\/mixer-aluat\/domino-mag-80\/","title":{"rendered":"MALAXOR CU BOL FIXAT, 131 LITRI (2 VITEZE) -DOMINO-MAG80"},"content":{"rendered":"<div><strong>MALAXOR CU BOL FIXAT, 131 LITRI (2 VITEZE) -DOMINO-MAG80-<\/strong> Un malaxor de aluat cu dou\u0103 motoare \u0219i un bol fix de 131 litri (2 viteze), este utilizat \u00een unit\u0103\u021bi de catering, cofet\u0103rii, brut\u0103rii \u0219i hipermarketuri cu buc\u0103t\u0103rii proprii.<\/div>\n<div><\/div>\n<div>Caracteristici<\/div>\n<div>Capacitate aluat: Min. 5 &#8211; Max. 80 kg<\/div>\n<div>Capacitate f\u0103in\u0103: Min. 3,5 &#8211; Max. 50 kg<\/div>\n<div>Capacitate bol: 131 litri<\/div>\n<div>Diametru bol: \u00d867 mm, H38 mm<\/div>\n<div>Dimensiuni bol (LxAx\u00ce): 113x70x139 cm<\/div>\n<div>Greutate: 350 kg<\/div>\n<div>Vitez\u0103 \/ Cronometru: 2<\/div>\n<div>Putere spiral\u0103: 2\/4,8 kW<\/div>\n<div>Putere bol: 0,55 kW<\/div>\n<div>Structur\u0103 din o\u021bel vopsit montat\u0103 pe ro\u021bi<\/div>\n<div>Bol: fixat<\/div>\n<div>Dou\u0103 motoare (unul pentru bol, unul pentru spiral\u0103)<\/div>\n<div>Coloane centrale<\/div>\n<div>Bol \u0219i spiral\u0103 din o\u021bel inoxidabil<\/div>\n<div>P\u0103r\u021bi mobile montate pe rulmen\u021bi cu bile<\/div>\n<div>Tensiune standard: 400 V, 3 faze, 50 Hz<\/div>\n<div>Produc\u0103tor: DOMINO, Italia<\/div>\n","protected":false},"excerpt":{"rendered":"<p>Malaxor. Capacitate aluat: Min. 5 &#8211; Max. 80 kg; Capacitate f\u0103in\u0103: Min. 3,5 &#8211; Max. 50 kg; Capacitate bol: 131 litri; Diametru bol: \u00d867 mm, H38 mm; Dimensiuni bol (LxAx\u00ce): 113x70x139 cm; Greutate: 350 kg; Vitez\u0103 \/ Cronometru: 2; Putere spiral\u0103: 2\/4,8 kW; Putere bol: 0,55 kW; Structur\u0103 din o\u021bel vopsit montat\u0103 pe ro\u021bi; Bol: fixat; Dou\u0103 motoare (unul pentru bol, unul pentru spiral\u0103); Coloane centrale; Bol \u0219i spiral\u0103 din o\u021bel inoxidabil; P\u0103r\u021bi mobile montate pe rulmen\u021bi cu bile; Tensiune standard: 400 V, 3 faze, 50 Hz; Produc\u0103tor: DOMINO, Italia.<\/p>\n<p>&nbsp;<\/p>\n","protected":false},"featured_media":43310,"template":"","meta":[],"_links":{"self":[{"href":"https:\/\/evotek.md\/ro\/wp-json\/wp\/v2\/product\/43307"}],"collection":[{"href":"https:\/\/evotek.md\/ro\/wp-json\/wp\/v2\/product"}],"about":[{"href":"https:\/\/evotek.md\/ro\/wp-json\/wp\/v2\/types\/product"}],"wp:featuredmedia":[{"embeddable":true,"href":"https:\/\/evotek.md\/ro\/wp-json\/wp\/v2\/media\/43310"}],"wp:attachment":[{"href":"https:\/\/evotek.md\/ro\/wp-json\/wp\/v2\/media?parent=43307"}],"curies":[{"name":"wp","href":"https:\/\/api.w.org\/{rel}","templated":true}]}}