{"id":43305,"date":"2026-04-19T12:02:09","date_gmt":"2026-04-19T12:02:08","guid":{"rendered":"https:\/\/evotek.md\/?post_type=product&#038;p=43305"},"modified":"2026-04-19T12:08:28","modified_gmt":"2026-04-19T12:08:28","slug":"tuff65-inv","status":"publish","type":"product","link":"https:\/\/evotek.md\/ro\/produse\/echipamente-electromecanice\/mixer-aluat\/tuff65-inv\/","title":{"rendered":"MALAXOR CU DOUA BRATE, 95 LITRI -DOMINO-TUFF65 INV"},"content":{"rendered":"<p><strong>MALAXOR CU DOUA BRATE, 95 LITRI -DOMINO-TUFF65 INV<\/strong><br \/>\nMixerul submersibil TUFF este o ma\u0219in\u0103 de excelen\u021b\u0103, conceput\u0103 pentru a asigura un aluat perfect datorit\u0103 mi\u0219c\u0103rii a dou\u0103 palete submersibile care satureaz\u0103 masa cu oxigen \u0219i minimizeaz\u0103 supra\u00eenc\u0103lzirea. Aceast\u0103 ma\u0219in\u0103 fiabil\u0103 \u0219i versatil\u0103 v\u0103 permite s\u0103 procesa\u021bi aluat de \u00eenalt\u0103 calitate, garant\u00e2nd rezultate uniforme, pufoase \u0219i bine dezvoltate de fiecare dat\u0103. TUFF este conceput pentru a satisface nevoile brutarilor, cofetarilor \u0219i produc\u0103torilor de pizza, combin\u00e2nd tradi\u021bia \u0219i inova\u021bia pentru a-i \u00eenso\u021bi \u00een crearea capodoperelor lor. La Domino&#8217;s, credem c\u0103 fiecare aluat este o art\u0103 \u0219i suntem \u00eenc\u00e2nta\u021bi s\u0103 v\u0103 \u00eemp\u0103rt\u0103\u0219im mixerul nostru submersibil, un simbol al calit\u0103\u021bii \u0219i eficien\u021bei atemporale.<\/p>\n<p>Caracteristici<br \/>\nCapacitate aluat: 64 Kg<br \/>\nCapacitate f\u0103in\u0103: Min. 2, Max. 41<br \/>\nCapacitate cuv\u0103: 95 litri<br \/>\nDiametru cuv\u0103: 550 mm<br \/>\n\u00cen\u0103l\u021bime cuv\u0103: 390 mm<br \/>\nDimensiuni: 760x870x1420 mm<br \/>\nPutere: 2,2 kW<br \/>\nVitez\u0103: 10 viteze \u0219i 1 cronometru digital, motor cu vitez\u0103 variabil\u0103<br \/>\nGreutate: 300 kg<\/p>\n","protected":false},"excerpt":{"rendered":"<p>Malaxor cu doua brate. Capacitate aluat: 64 Kg; Capacitate f\u0103in\u0103: Min. 2, Max. 41; Capacitate cuv\u0103: 95 litri; Diametru cuv\u0103: 550 mm; \u00cen\u0103l\u021bime cuv\u0103: 390 mm; Dimensiuni: 760x870x1420 mm; Putere: 2,2 kW; Vitez\u0103: 10 viteze \u0219i 1 cronometru digital, motor cu vitez\u0103 variabil\u0103; Greutate: 300 kg.<\/p>\n","protected":false},"featured_media":40330,"template":"","meta":[],"_links":{"self":[{"href":"https:\/\/evotek.md\/ro\/wp-json\/wp\/v2\/product\/43305"}],"collection":[{"href":"https:\/\/evotek.md\/ro\/wp-json\/wp\/v2\/product"}],"about":[{"href":"https:\/\/evotek.md\/ro\/wp-json\/wp\/v2\/types\/product"}],"wp:featuredmedia":[{"embeddable":true,"href":"https:\/\/evotek.md\/ro\/wp-json\/wp\/v2\/media\/40330"}],"wp:attachment":[{"href":"https:\/\/evotek.md\/ro\/wp-json\/wp\/v2\/media?parent=43305"}],"curies":[{"name":"wp","href":"https:\/\/api.w.org\/{rel}","templated":true}]}}