{"id":43300,"date":"2026-04-19T11:12:40","date_gmt":"2026-04-19T11:12:40","guid":{"rendered":"https:\/\/evotek.md\/?post_type=product&#038;p=43300"},"modified":"2026-04-19T11:35:47","modified_gmt":"2026-04-19T11:35:47","slug":"afinox-mekano-dry-700","status":"publish","type":"product","link":"https:\/\/evotek.md\/ro\/produse\/echipamente-frigorifice\/dulapuri-frigorifice\/afinox-mekano-dry-700\/","title":{"rendered":"DULAP FRIGORIFIC PENTRU MATURARE USCATA A CARNII 458 LITRI -AFINOX-MEKANO DRY 700"},"content":{"rendered":"<p><strong>DULAP FRIGORIFIC PENTRU MATURARE USCATA A CARNII 458 LITRI -AFINOX-MEKANO DRY 700-<\/strong> Dula frigorific pentru maturare uscat\u0103, Fabricate din o\u021bel inoxidabil AISI 304 la interior \u0219i la exterior (cu excep\u021bia fundului exterior, spatelui \u0219i partii de sus). Controler dublu cu unitate de control dedicat\u0103 \u0219i sond\u0103 intern\u0103 pentru controlul umidit\u0103\u021bii. Grosimea izola\u021biei 90 mm, u\u0219\u0103 de sticl\u0103. Accesorii standard: 3 rafturi din o\u021bel inoxidabil GN2 \/1 per u\u0219\u0103 \u0219i kit c\u00e2rlige pentru carne (1 suport +2 c\u00e2rlige). Modele cu unitate \u00eencorporat\u0103. Sistem automat de dezghe\u021bare \u0219i evaporare a apei.<\/p>\n<p>Caracteristici<br \/>\nMaterial: fabricat \u00een \u00eentregime din o\u021bel inoxidabil<br \/>\nDezghe\u021bare: dezghe\u021bare automat\u0103 \u0219i evaporare a condensului<br \/>\nU\u0219\u0103: u\u0219\u0103 de sticl\u0103 cu \u00eencuietoare \u0219i iluminare LED<br \/>\nAccesorii incluse: 3 grile GN 2\/1 din o\u021bel inoxidabil, 1 suport pentru carne<br \/>\nPicioare: o\u021bel inoxidabil reglabile pe \u00een\u0103l\u021bime<br \/>\nGrosimea izola\u021biei: 90 mm<br \/>\nCapacitate: 458 litri<br \/>\nAgent frigorific: R290<br \/>\nInterval de temperatur\u0103: -2\u00b0\/+7\u00b0C<br \/>\nConexiune electric\u0103: 230 V \/ 130 W<br \/>\nDimensiuni externe: 715x867x2090 mm<br \/>\nDimensiuni \u00een ambalaj: 763x873x2170 mm<br \/>\nProducator: Afinox, Italia<\/p>\n","protected":false},"excerpt":{"rendered":"<p>Dulap frigorific pentru maturarea uscata a carnii. Material: fabricat \u00een \u00eentregime din o\u021bel inoxidabil; Dezghe\u021bare: dezghe\u021bare automat\u0103 \u0219i evaporare a condensului; U\u0219\u0103: u\u0219\u0103 de sticl\u0103 cu \u00eencuietoare \u0219i iluminare LED; Accesorii incluse: 3 grile GN 2\/1 din o\u021bel inoxidabil, 1 suport pentru carne; Picioare: o\u021bel inoxidabil reglabile pe \u00een\u0103l\u021bime; Grosimea izola\u021biei: 90 mm; Capacitate: 458 litri; Agent frigorific: R290; Interval de temperatur\u0103: -2\u00b0\/+7\u00b0C; Conexiune electric\u0103: 230 V \/ 130 W; Dimensiuni externe: 715x867x2090 mm; Dimensiuni \u00een ambalaj: 763x873x2170 mm; Producator: Afinox, Italia.<\/p>\n","protected":false},"featured_media":43303,"template":"","meta":[],"_links":{"self":[{"href":"https:\/\/evotek.md\/ro\/wp-json\/wp\/v2\/product\/43300"}],"collection":[{"href":"https:\/\/evotek.md\/ro\/wp-json\/wp\/v2\/product"}],"about":[{"href":"https:\/\/evotek.md\/ro\/wp-json\/wp\/v2\/types\/product"}],"wp:featuredmedia":[{"embeddable":true,"href":"https:\/\/evotek.md\/ro\/wp-json\/wp\/v2\/media\/43303"}],"wp:attachment":[{"href":"https:\/\/evotek.md\/ro\/wp-json\/wp\/v2\/media?parent=43300"}],"curies":[{"name":"wp","href":"https:\/\/api.w.org\/{rel}","templated":true}]}}