{"id":43285,"date":"2026-04-05T17:36:10","date_gmt":"2026-04-05T17:40:49","guid":{"rendered":"https:\/\/evotek.md\/?post_type=product&#038;p=43285"},"modified":"2026-04-05T17:44:27","modified_gmt":"2026-04-05T17:44:27","slug":"superdryer-4","status":"publish","type":"product","link":"https:\/\/evotek.md\/ro\/produse\/fara-categorie\/superdryer-4\/","title":{"rendered":"APARAT DE LIOFILIZARE 4-6 kg -SUPERDRYER 4"},"content":{"rendered":"<div><strong>APARAT DE LIOFILIZARE 4-6 kg -SUPERDRYER 4-<\/strong> Liofilizarea este un proces extrem de eficient care prelunge\u0219te durata de valabilitate a unui produs, men\u021bin\u00e2ndu-i \u00een acela\u0219i timp forma tridimensional\u0103 \u0219i valoarea nutritiv\u0103 similar\u0103 cu alimentele proaspete.<\/div>\n<div>Este o tehnologie de conservare utilizat\u0103 pe scar\u0103 larg\u0103 \u00een industria alimentar\u0103, potrivit\u0103 pentru multe tipuri de alimente.<\/div>\n<div><\/div>\n<div><\/div>\n<div>Caracteristici<\/div>\n<div>Capacitate maxim\u0103: 4-6 kg<\/div>\n<div>Suprafa\u021ba camerei de uscare: 0,36 m2<\/div>\n<div>Num\u0103r de t\u0103vi: 4<\/div>\n<div>Tensiune: 220-240 V \/ 50 Hz<\/div>\n<div>Putere: 1500 W<\/div>\n<div>Dimensiuni: 550x530x800 mm<\/div>\n<div>Procesul implic\u0103 trei faze: congelarea rapid\u0103 a produsului, vacuum profund \u0219i uscarea prin sublimare (apa se schimb\u0103 direct din stare solid\u0103 \u00een stare gazoas\u0103)<\/div>\n<div>Rezultatul este un produs de \u00eenalt\u0103 calitate, cu o durat\u0103 lung\u0103 de valabilitate<\/div>\n","protected":false},"excerpt":{"rendered":"<div>Capacitate maxim\u0103: 4-6 kg; Suprafa\u021ba camerei de uscare: 0,36 m2; Num\u0103r de t\u0103vi: 4; Tensiune: 220-240 V \/ 50 Hz; Putere: 1500 W; Dimensiuni: 550x530x800 mm; Procesul implic\u0103 trei faze: congelarea rapid\u0103 a produsului, vacuum profund \u0219i uscarea prin sublimare (apa se schimb\u0103 direct din stare solid\u0103 \u00een stare gazoas\u0103); Rezultatul este un produs de \u00eenalt\u0103 calitate, cu o durat\u0103 lung\u0103 de valabilitate.<\/div>\n","protected":false},"featured_media":43284,"template":"","meta":[],"_links":{"self":[{"href":"https:\/\/evotek.md\/ro\/wp-json\/wp\/v2\/product\/43285"}],"collection":[{"href":"https:\/\/evotek.md\/ro\/wp-json\/wp\/v2\/product"}],"about":[{"href":"https:\/\/evotek.md\/ro\/wp-json\/wp\/v2\/types\/product"}],"wp:featuredmedia":[{"embeddable":true,"href":"https:\/\/evotek.md\/ro\/wp-json\/wp\/v2\/media\/43284"}],"wp:attachment":[{"href":"https:\/\/evotek.md\/ro\/wp-json\/wp\/v2\/media?parent=43285"}],"curies":[{"name":"wp","href":"https:\/\/api.w.org\/{rel}","templated":true}]}}