{"id":43252,"date":"2026-03-26T09:06:31","date_gmt":"2026-03-26T09:06:31","guid":{"rendered":"https:\/\/evotek.md\/?post_type=product&#038;p=43252"},"modified":"2026-03-26T09:17:38","modified_gmt":"2026-03-26T09:17:38","slug":"sammic-ca-31","status":"publish","type":"product","link":"https:\/\/evotek.md\/ro\/produse\/echipamente-electromecanice\/feliatoare-legume-si-cutite-feliatoare\/feliatoare-legume\/sammic-ca-31\/","title":{"rendered":"FELIATOR DE LEGUME 450 kg\/h, 220 V -SAMMIC-CA-31"},"content":{"rendered":"<div><strong>FELIATOR DE LEGUME 450 kg\/h, 220 V -SAMMIC-CA-31-<\/strong> Feliatorul de legume Sammic CA-31 este conceput pentru t\u0103ierea legumelor \u0219i fructelor \u00een bucatariile profesionale. Dispune de un panou de control electronic intuitiv. Blocul motor este fabricat din o\u021bel inoxidabil, iar capul ma\u0219inii este fabricat din aluminiu.<\/div>\n<div><\/div>\n<div>Caracteristici<\/div>\n<div>Tip: electric<\/div>\n<div>Capacitate: 150 p\u00e2n\u0103 la 450 kg\/h<\/div>\n<div>Vitez\u0103 de rota\u021bie: 365 rpm<\/div>\n<div>Instalare: de mas\u0103<\/div>\n<div>Material: O\u021bel inoxidabil, o\u021bel, aluminiu<\/div>\n<div>Tensiune: 220 V<\/div>\n<div>Putere: 0,37 p\u00e2n\u0103 la 0,55 kW<\/div>\n<div>L\u0103\u021bime: 389 mm<\/div>\n<div>Ad\u00e2ncime: 405 mm<\/div>\n<div>\u00cen\u0103l\u021bime: 544 mm<\/div>\n<div>Greutate: (f\u0103r\u0103 ambalaj) 21 kg<\/div>\n<div>1 vitez\u0103<\/div>\n<div>Motor asincron puternic<\/div>\n<div>Reglare de \u00eenalt\u0103 precizie pentru t\u0103iere uniform\u0103<\/div>\n<div>Ie\u0219irea lateral\u0103 a produsului economise\u0219te spa\u021biu pe blat, iar legumele cad perfect \u00eentr-un bol<\/div>\n<div>Presa \u0219i capacul se pot \u00eendep\u0103rta u\u0219or pentru cur\u0103\u021bare<\/div>\n<div>Sistem combinat de siguran\u021b\u0103: cap, capac \u0219i \u00eentrerup\u0103tor de alimentare<\/div>\n<div>Certificat NSF &#8211; garan\u021bie de siguran\u021b\u0103 \u0219i igien\u0103<\/div>\n<div>\u021aara de origine: Spania<\/div>\n","protected":false},"excerpt":{"rendered":"<p>Feliator de legume. Tip: electric; Capacitate: 150 p\u00e2n\u0103 la 450 kg\/h; Vitez\u0103 de rota\u021bie: 365 rpm; Instalare: de mas\u0103; Material: O\u021bel inoxidabil, o\u021bel, aluminiu; Tensiune: 220 V; Putere: 0,37 p\u00e2n\u0103 la 0,55 kW; L\u0103\u021bime: 389 mm; Ad\u00e2ncime: 405 mm; \u00cen\u0103l\u021bime: 544 mm; Greutate: (f\u0103r\u0103 ambalaj) 21 kg; 1 vitez\u0103; Motor asincron puternic; Reglare de \u00eenalt\u0103 precizie pentru t\u0103iere uniform\u0103; Ie\u0219irea lateral\u0103 a produsului economise\u0219te spa\u021biu pe blat, iar legumele cad perfect \u00eentr-un bol; Presa \u0219i capacul se pot \u00eendep\u0103rta u\u0219or pentru cur\u0103\u021bare; Sistem combinat de siguran\u021b\u0103: cap, capac \u0219i \u00eentrerup\u0103tor de alimentare; Certificat NSF &#8211; garan\u021bie de siguran\u021b\u0103 \u0219i igien\u0103; \u021aara de origine: Spania.<\/p>\n","protected":false},"featured_media":43255,"template":"","meta":[],"_links":{"self":[{"href":"https:\/\/evotek.md\/ro\/wp-json\/wp\/v2\/product\/43252"}],"collection":[{"href":"https:\/\/evotek.md\/ro\/wp-json\/wp\/v2\/product"}],"about":[{"href":"https:\/\/evotek.md\/ro\/wp-json\/wp\/v2\/types\/product"}],"wp:featuredmedia":[{"embeddable":true,"href":"https:\/\/evotek.md\/ro\/wp-json\/wp\/v2\/media\/43255"}],"wp:attachment":[{"href":"https:\/\/evotek.md\/ro\/wp-json\/wp\/v2\/media?parent=43252"}],"curies":[{"name":"wp","href":"https:\/\/api.w.org\/{rel}","templated":true}]}}