{"id":43250,"date":"2026-03-26T08:36:55","date_gmt":"2026-03-26T08:36:55","guid":{"rendered":"https:\/\/evotek.md\/?post_type=product&#038;p=43250"},"modified":"2026-03-26T08:58:59","modified_gmt":"2026-03-26T08:58:59","slug":"sammic-ca-41","status":"publish","type":"product","link":"https:\/\/evotek.md\/ro\/produse\/echipamente-electromecanice\/feliatoare-legume-si-cutite-feliatoare\/feliatoare-legume\/sammic-ca-41\/","title":{"rendered":"FELIATOR DE LEGUME 650 kg\/h, 220 V -SAMMIC-CA-41"},"content":{"rendered":"<p><strong>FELIATOR DE LEGUME 650 kg\/h, 220 V -SAMMIC-CA-41-<\/strong> Feliatorul de legume Sammic CA-41 este conceput pentru t\u0103ierea legumelor \u0219i fructelor \u00een bucatariile profesionale. Dispune de un panou de control electronic intuitiv. Blocul motor este fabricat din o\u021bel inoxidabil, iar capul ma\u0219inii este fabricat din aluminiu.<\/p>\n<p>Caracteristici<br \/>\nTip: electric<br \/>\nCapacitate: 200 p\u00e2n\u0103 la 650 kg\/h<br \/>\nVitez\u0103 de rota\u021bie: 365 rpm<br \/>\nInstalare: de mas\u0103<br \/>\nMaterial: o\u021bel inoxidabil, aluminiu<br \/>\nTensiune: 220 V<br \/>\nPutere: 0,55 kW<br \/>\nL\u0103\u021bime: 391 mm<br \/>\nAd\u00e2ncime: 396 mm<br \/>\n\u00cen\u0103l\u021bime: 652 mm<br \/>\nGreutate (f\u0103r\u0103 ambalaj): 24 kg<br \/>\n1 vitez\u0103<br \/>\nMotor asincron puternic<br \/>\nReglare de \u00eenalt\u0103 precizie pentru t\u0103iere uniform\u0103<br \/>\nCapul cu\u021bitului montat lateral v\u0103 permite s\u0103 t\u0103ia\u021bi \u0219i s\u0103 mestecati legumele \u00een bunc\u0103r, precum \u0219i s\u0103 taiati legume \u00eentregi, cum ar fi varza<br \/>\nEjector \u00eenalt pentru procesarea unor cantit\u0103\u021bi mai mari de legume<br \/>\nIe\u0219irea lateral\u0103 economise\u0219te spa\u021biu pe blat, iar legumele cad perfect \u00eentr-un bol<br \/>\nPresa \u0219i capacul se pot \u00eendep\u0103rta u\u0219or pentru cur\u0103\u021bare<br \/>\nSistem de siguran\u021b\u0103 combinat: cap, capac \u0219i \u00eentrerup\u0103tor de alimentare<br \/>\nCertificat NSF &#8211; garan\u021bie de siguran\u021b\u0103 \u0219i igien\u0103<br \/>\n\u021aara de origine: Spania<\/p>\n","protected":false},"excerpt":{"rendered":"<p>Feliator de legume. Tip: electric; Capacitate: 200 p\u00e2n\u0103 la 650 kg\/h; Vitez\u0103 de rota\u021bie: 365 rpm; Instalare: de mas\u0103; Material: o\u021bel inoxidabil, aluminiu; Tensiune: 220 V; Putere: 0,55 kW; L\u0103\u021bime: 391 mm; Ad\u00e2ncime: 396 mm; \u00cen\u0103l\u021bime: 652 mm; Greutate (f\u0103r\u0103 ambalaj): 24 kg; 1 vitez\u0103; Motor asincron puternic; Reglare de \u00eenalt\u0103 precizie pentru t\u0103iere uniform\u0103; Capul cu\u021bitului montat lateral v\u0103 permite s\u0103 t\u0103ia\u021bi \u0219i s\u0103 mestecati legumele \u00een bunc\u0103r, precum \u0219i s\u0103 taiati legume \u00eentregi, cum ar fi varza; Ejector \u00eenalt pentru procesarea unor cantit\u0103\u021bi mai mari de legume; Ie\u0219irea lateral\u0103 economise\u0219te spa\u021biu pe blat, iar legumele cad perfect \u00eentr-un bol; Presa \u0219i capacul se pot \u00eendep\u0103rta u\u0219or pentru cur\u0103\u021bare; Sistem de siguran\u021b\u0103 combinat: cap, capac \u0219i \u00eentrerup\u0103tor de alimentare; Certificat NSF &#8211; garan\u021bie de siguran\u021b\u0103 \u0219i igien\u0103; \u021aara de origine: Spania.<\/p>\n","protected":false},"featured_media":43261,"template":"","meta":[],"_links":{"self":[{"href":"https:\/\/evotek.md\/ro\/wp-json\/wp\/v2\/product\/43250"}],"collection":[{"href":"https:\/\/evotek.md\/ro\/wp-json\/wp\/v2\/product"}],"about":[{"href":"https:\/\/evotek.md\/ro\/wp-json\/wp\/v2\/types\/product"}],"wp:featuredmedia":[{"embeddable":true,"href":"https:\/\/evotek.md\/ro\/wp-json\/wp\/v2\/media\/43261"}],"wp:attachment":[{"href":"https:\/\/evotek.md\/ro\/wp-json\/wp\/v2\/media?parent=43250"}],"curies":[{"name":"wp","href":"https:\/\/api.w.org\/{rel}","templated":true}]}}