{"id":43239,"date":"2026-03-26T08:16:10","date_gmt":"2026-03-26T08:16:10","guid":{"rendered":"https:\/\/evotek.md\/?post_type=product&#038;p=43239"},"modified":"2026-03-26T08:35:57","modified_gmt":"2026-03-26T08:35:57","slug":"feliator-de-legume-650-kg-h-220-v-sammic-ca-4v","status":"publish","type":"product","link":"https:\/\/evotek.md\/ro\/produse\/echipamente-electromecanice\/feliatoare-legume-si-cutite-feliatoare\/feliatoare-legume\/feliator-de-legume-650-kg-h-220-v-sammic-ca-4v\/","title":{"rendered":"FELIATOR DE LEGUME 650 kg\/h, 220 V &#8211; SAMMIC-CA-4V"},"content":{"rendered":"<p><strong>FELIATOR DE LEGUME 650 kg\/h, 220 V &#8211; SAMMIC-CA-4V-<\/strong> Feliatorul de legume Sammic CA-4V este conceput pentru t\u0103ierea legumelor \u0219i fructelor \u00een bucatariile profesionale. Dispune de un motor f\u0103r\u0103 perii \u0219i un panou de control electronic intuitiv. Carcasa este fabricata din o\u021bel inoxidabil, iar capul este fabricat din aluminiu alimentar.<\/p>\n<p>Caracteristici<br \/>\nTip: electric<br \/>\nCapacitate: 650 kg\/h<br \/>\nVitez\u0103 de rota\u021bie: 300 p\u00e2n\u0103 la 1000 rpm<br \/>\nInstalare: de mas\u0103<br \/>\nTensiune: 220 V<br \/>\nPutere: 1,5 kW<br \/>\nL\u0103\u021bime: 400 mm<br \/>\nAd\u00e2ncime: 391 mm<br \/>\n\u00cen\u0103l\u021bime: 652 mm<br \/>\nGreutate (f\u0103r\u0103 ambalaj): 27 kg<br \/>\n\u021aara de origine: Spania<br \/>\nDimensiuni cu ambalaj: 445x430x595 mm<br \/>\nGreutate: 31 kg<br \/>\nUnitate motor cu vitez\u0103 variabil\u0103 continuu<br \/>\nTehnologie exclusiv\u0103 \u201eForce Control System\u201d: rezultate consistente, de \u00eenalt\u0103 calitate<br \/>\nDesign impermeabil \u00eembun\u0103t\u0103\u021bit: nu necesit\u0103 ventila\u021bie<br \/>\nReglare de \u00eenalt\u0103 precizie: t\u0103iere uniform\u0103 de calitate excep\u021bional\u0103<br \/>\nCu\u021bit montat lateral<br \/>\nEjector \u00eenalt<br \/>\nIe\u0219ire produs finit montat\u0103 lateral: economie de spa\u021biu<br \/>\nPres\u0103 \u0219i capac u\u0219or de \u00eendep\u0103rtat: u\u0219or de cur\u0103\u021bat<br \/>\nCombina\u021bie de sisteme de siguran\u021b\u0103: cap de protec\u021bie, capac, blocare electric\u0103 de siguran\u021b\u0103<br \/>\nDesign ergonomic<br \/>\nCarcasa din o\u021bel inoxidabil si cap din aluminiu alimentar<br \/>\nCertificat NSF: \u00eendepline\u0219te standarde \u00eenalte de igien\u0103 \u0219i cur\u0103\u021benie<\/p>\n","protected":false},"excerpt":{"rendered":"<p>Feliator de legume. Tip: electric; Capacitate: 650 kg\/h; Vitez\u0103 de rota\u021bie: 300 p\u00e2n\u0103 la 1000 rpm; Instalare: de mas\u0103; Tensiune: 220 V; Putere: 1,5 kW; L\u0103\u021bime: 400 mm; Ad\u00e2ncime: 391 mm; \u00cen\u0103l\u021bime: 652 mm; Greutate (f\u0103r\u0103 ambalaj): 27 kg; \u021aara de origine: Spania; Dimensiuni cu ambalaj: 445x430x595 mm; Greutate: 31 kg; Unitate motor cu vitez\u0103 variabil\u0103 continuu; Tehnologie exclusiv\u0103 \u201eForce Control System\u201d: rezultate consistente, de \u00eenalt\u0103 calitate; Design impermeabil \u00eembun\u0103t\u0103\u021bit: nu necesit\u0103 ventila\u021bie; Reglare de \u00eenalt\u0103 precizie: t\u0103iere uniform\u0103 de calitate excep\u021bional\u0103<br \/>\nCu\u021bit montat lateral; Ejector \u00eenalt; Ie\u0219ire produs finit montat\u0103 lateral: economie de spa\u021biu; Pres\u0103 \u0219i capac u\u0219or de \u00eendep\u0103rtat: u\u0219or de cur\u0103\u021bat; Combina\u021bie de sisteme de siguran\u021b\u0103: cap de protec\u021bie, capac, blocare electric\u0103 de siguran\u021b\u0103; Design ergonomic; Carcasa din o\u021bel inoxidabil si cap din aluminiu alimentar; Certificat NSF: \u00eendepline\u0219te standarde \u00eenalte de igien\u0103 \u0219i cur\u0103\u021benie.<\/p>\n","protected":false},"featured_media":43242,"template":"","meta":[],"_links":{"self":[{"href":"https:\/\/evotek.md\/ro\/wp-json\/wp\/v2\/product\/43239"}],"collection":[{"href":"https:\/\/evotek.md\/ro\/wp-json\/wp\/v2\/product"}],"about":[{"href":"https:\/\/evotek.md\/ro\/wp-json\/wp\/v2\/types\/product"}],"wp:featuredmedia":[{"embeddable":true,"href":"https:\/\/evotek.md\/ro\/wp-json\/wp\/v2\/media\/43242"}],"wp:attachment":[{"href":"https:\/\/evotek.md\/ro\/wp-json\/wp\/v2\/media?parent=43239"}],"curies":[{"name":"wp","href":"https:\/\/api.w.org\/{rel}","templated":true}]}}