{"id":43229,"date":"2026-03-25T14:42:07","date_gmt":"2026-03-25T14:42:07","guid":{"rendered":"https:\/\/evotek.md\/?post_type=product&#038;p=43229"},"modified":"2026-03-25T18:39:06","modified_gmt":"2026-03-25T18:39:06","slug":"sammic-ck-38v","status":"publish","type":"product","link":"https:\/\/evotek.md\/ro\/produse\/echipamente-electromecanice\/feliatoare-legume-si-cutite-feliatoare\/feliatoare-legume\/sammic-ck-38v\/","title":{"rendered":"FELIATOR DE LEGUME 450 kg\/h, 220V -SAMMIC-CK-38V"},"content":{"rendered":"<div><strong>FELIATOR DE LEGUME 450 kg\/h, 220V -SAMMIC-CK-38V-<\/strong> Feliatorul de legume combinat este utilizat \u00een bucatariile profesionale pentru feliere, tocare \u0219i amestecare. Acest model dispune de comenzi electronice, un cronometru, un cap de t\u0103iere, un bol cu \u200b\u200bcavit\u0103\u021bi laterale, lame zim\u021bate \u0219i un m\u00e2ner ergonomic. Carcasa, unitatea motorului \u0219i p\u00e2lnia sunt fabricate din o\u021bel inoxidabil, capul este din aluminiu alimentar, iar capacul este din policarbonat.<\/div>\n<div><\/div>\n<div><em>Disc impingator inclus.<\/em><\/div>\n<div><\/div>\n<div>Caracteristici<\/div>\n<div>Conexiune: 220 V<\/div>\n<div>Putere: 1,5 kW<\/div>\n<div>L\u0103\u021bime: 391 mm<\/div>\n<div>Ad\u00e2ncime: 409 mm<\/div>\n<div>\u00cen\u0103l\u021bime: 552 mm<\/div>\n<div>Greutate (f\u0103r\u0103 ambalaj): 24 kg<\/div>\n<div>Greutate (cu ambalaj): 27 kg<\/div>\n<div>Capacitate: 100 p\u00e2n\u0103 la 450 kg\/or\u0103<\/div>\n<div>Capacitate bol: 8 litri<\/div>\n<div>Suprafa\u021b\u0103 deschidere \u00eenc\u0103rcare: 0,0136 m2<\/div>\n<div>Diametru disc: 205 mm<\/div>\n<div>Num\u0103r de viteze: 5<\/div>\n<div>Vitez\u0103: 300 p\u00e2n\u0103 la 1000 rpm<\/div>\n<div>Num\u0103r de viteze: 10<\/div>\n<div>Sistem de control al for\u021bei pentru optimizarea \u0219i standardizarea procesului de t\u0103iere pentru fiecare produs (avertizare sonor\u0103 c\u00e2nd motorul dep\u0103\u0219e\u0219te for\u021ba programabil\u0103)<\/div>\n<div>Nu necesit\u0103 ventila\u021bie datorit\u0103 rezisten\u021bei crescute la aer \u0219i ap\u0103<\/div>\n<div>Nivel de zgomot redus<\/div>\n<div>Reglare \u0219i design extrem de precise a feliatorului \u0219i discului pentru o t\u0103iere perfect\u0103<\/div>\n<div>Poate fi echipat cu o gam\u0103 larg\u0103 de discuri (peste 70 tipuri)<\/div>\n<div>Design ergonomic<\/div>\n<div>Cur\u0103\u021bare u\u0219oar\u0103 datorit\u0103 suportului deta\u0219abil capac, bunc\u0103r \u0219i piston<\/div>\n<div>Procesorul este certificat NSF International<\/div>\n","protected":false},"excerpt":{"rendered":"<p>Feliator de legume. Conexiune: 220 V; Putere: 1,5 kW; L\u0103\u021bime: 391 mm; Ad\u00e2ncime: 409 mm; \u00cen\u0103l\u021bime: 552 mm; Greutate (f\u0103r\u0103 ambalaj): 24 kg; Greutate (cu ambalaj): 27 kg; Capacitate: 100 p\u00e2n\u0103 la 450 kg\/or\u0103; Capacitate bol: 8 litri; Suprafa\u021b\u0103 deschidere \u00eenc\u0103rcare: 0,0136 m2; Diametru disc: 205 mm; Num\u0103r de viteze: 5; Vitez\u0103: 300 p\u00e2n\u0103 la 1000 rpm; Num\u0103r de viteze: 10; Sistem de control al for\u021bei pentru optimizarea \u0219i standardizarea procesului de t\u0103iere pentru fiecare produs (avertizare sonor\u0103 c\u00e2nd motorul dep\u0103\u0219e\u0219te for\u021ba programabil\u0103); Nu necesit\u0103 ventila\u021bie datorit\u0103 rezisten\u021bei crescute la aer \u0219i ap\u0103; Nivel de zgomot redus; Reglare \u0219i design extrem de precise a feliatorului \u0219i discului pentru o t\u0103iere perfect\u0103; Poate fi echipat cu o gam\u0103 larg\u0103 de discuri (peste 70 tipuri); Design ergonomic; Cur\u0103\u021bare u\u0219oar\u0103 datorit\u0103 suportului deta\u0219abil capac, bunc\u0103r \u0219i piston; Procesorul este certificat NSF International.<\/p>\n","protected":false},"featured_media":43234,"template":"","meta":[],"_links":{"self":[{"href":"https:\/\/evotek.md\/ro\/wp-json\/wp\/v2\/product\/43229"}],"collection":[{"href":"https:\/\/evotek.md\/ro\/wp-json\/wp\/v2\/product"}],"about":[{"href":"https:\/\/evotek.md\/ro\/wp-json\/wp\/v2\/types\/product"}],"wp:featuredmedia":[{"embeddable":true,"href":"https:\/\/evotek.md\/ro\/wp-json\/wp\/v2\/media\/43234"}],"wp:attachment":[{"href":"https:\/\/evotek.md\/ro\/wp-json\/wp\/v2\/media?parent=43229"}],"curies":[{"name":"wp","href":"https:\/\/api.w.org\/{rel}","templated":true}]}}