{"id":43224,"date":"2026-03-25T14:23:43","date_gmt":"2026-03-25T14:23:43","guid":{"rendered":"https:\/\/evotek.md\/?post_type=product&#038;p=43224"},"modified":"2026-03-25T14:38:43","modified_gmt":"2026-03-25T14:38:43","slug":"cutter-4-litri-sammic-k-52","status":"publish","type":"product","link":"https:\/\/evotek.md\/ro\/produse\/echipamente-electromecanice\/cutter-profesional\/cutter-4-litri-sammic-k-52\/","title":{"rendered":"CUTTER 4 LITRI -SAMMIC-K-52"},"content":{"rendered":"<div><strong>CUTTER 4 LITRI -SAMMIC-KE-5V-<\/strong> Cutter-ul este conceput pentru tocarea, felierea \u0219i amestecarea alimentelor \u00een bucatariile profesionale. Dispune de un panou de control compact \u0219i intuitiv, lame zim\u021bate \u0219i un mixer \u00eencorporat. Unitatea motorului este fabricat\u0103 din o\u021bel inoxidabil cu un capac din aluminiu, iar bolul este fabricat din o\u021bel inoxidabil cu un capac din policarbonat.<\/div>\n<div><\/div>\n<div>Caracteristici<\/div>\n<div>Capacitate: 5,5 litri<\/div>\n<div>Vitez\u0103: 1500 p\u00e2n\u0103 la 3000 rpm<\/div>\n<div>Tensiune: 220 V<\/div>\n<div>Putere: de la 0.9 pana la 1.5 \u043a\u0412\u0442 kW<\/div>\n<div>L\u0103\u021bime: 286 mm<\/div>\n<div>Ad\u00e2ncime: 387 mm<\/div>\n<div>\u00cen\u0103l\u021bime: 439 mm<\/div>\n<div>Greutate (f\u0103r\u0103 ambalaj): 21,6 kg<\/div>\n<div>Dimensiuni bol: 240x240x150 mm<\/div>\n<div>Volum ambalaj: 0,09 m\u00b3<\/div>\n<div>Dimensiuni ambalaj: 440x355x570 mm<\/div>\n<div>2 viteze<br \/>\nAre posibilitatea de deschidere a capacului pentru ad\u0103ugarea de lichide \u00een timpul func\u021bion\u0103rii<br \/>\nMicro\u00eentrerup\u0103toare de siguran\u021b\u0103 pe bol \u0219i capac<br \/>\nCertificat NSF &#8211; garan\u021bie de siguran\u021b\u0103 \u0219i igien\u0103<br \/>\nBol din o\u021bel inoxidabil cu capac din policarbonat<br \/>\n\u021aara de origine: Spania<\/div>\n","protected":false},"excerpt":{"rendered":"<p>Capacitate: 5,5 litri; Vitez\u0103: 1500 p\u00e2n\u0103 la 3000 rpm; Tensiune: 220 V; Putere: de la 0.9 pana la 1.5 \u043a\u0412\u0442 kW; L\u0103\u021bime: 286 mm; Ad\u00e2ncime: 387 mm; \u00cen\u0103l\u021bime: 439 mm; Greutate (f\u0103r\u0103 ambalaj): 21,6 kg; Dimensiuni bol: 240x240x150 mm; Volum ambalaj: 0,09 m\u00b3; Dimensiuni ambalaj: 440x355x570 mm<br \/>\n2 viteze; Are posibilitatea de deschidere a capacului pentru ad\u0103ugarea de lichide \u00een timpul func\u021bion\u0103rii; Micro\u00eentrerup\u0103toare de siguran\u021b\u0103 pe bol \u0219i capac; Certificat NSF &#8211; garan\u021bie de siguran\u021b\u0103 \u0219i igien\u0103; Bol din o\u021bel inoxidabil cu capac din policarbonat; \u021aara de origine: Spania.<\/p>\n","protected":false},"featured_media":43228,"template":"","meta":[],"_links":{"self":[{"href":"https:\/\/evotek.md\/ro\/wp-json\/wp\/v2\/product\/43224"}],"collection":[{"href":"https:\/\/evotek.md\/ro\/wp-json\/wp\/v2\/product"}],"about":[{"href":"https:\/\/evotek.md\/ro\/wp-json\/wp\/v2\/types\/product"}],"wp:featuredmedia":[{"embeddable":true,"href":"https:\/\/evotek.md\/ro\/wp-json\/wp\/v2\/media\/43228"}],"wp:attachment":[{"href":"https:\/\/evotek.md\/ro\/wp-json\/wp\/v2\/media?parent=43224"}],"curies":[{"name":"wp","href":"https:\/\/api.w.org\/{rel}","templated":true}]}}