{"id":43219,"date":"2026-03-25T14:05:08","date_gmt":"2026-03-25T14:05:08","guid":{"rendered":"https:\/\/evotek.md\/?post_type=product&#038;p=43219"},"modified":"2026-03-25T14:38:59","modified_gmt":"2026-03-25T14:38:59","slug":"sammic-ke-5v","status":"publish","type":"product","link":"https:\/\/evotek.md\/ro\/produse\/echipamente-electromecanice\/cutter-profesional\/sammic-ke-5v\/","title":{"rendered":"CUTTER 5.5 LITRI -SAMMIC-KE-5V"},"content":{"rendered":"<div><strong>CUTTER 5.5 LITRI -SAMMIC-KE-5V-<\/strong> Cutter-ul este conceput pentru tocarea, felierea \u0219i amestecarea alimentelor \u00een bucatariile profesionale. Dispune de un panou de control compact \u0219i intuitiv, lame zim\u021bate \u0219i un mixer \u00eencorporat. Unitatea motorului este fabricat\u0103 din o\u021bel inoxidabil cu un capac din aluminiu, iar bolul este fabricat din o\u021bel inoxidabil cu un capac din policarbonat.<\/div>\n<div><\/div>\n<div>Caracteristici<\/div>\n<div>Capacitate: 5,5 litri<\/div>\n<div>Vitez\u0103: 300 p\u00e2n\u0103 la 3000 rpm<\/div>\n<div>Tensiune: 220 V<\/div>\n<div>Putere: 1,5 kW<\/div>\n<div>L\u0103\u021bime: 286 mm<\/div>\n<div>Ad\u00e2ncime: 387 mm<\/div>\n<div>\u00cen\u0103l\u021bime: 487 mm<\/div>\n<div>Greutate (f\u0103r\u0103 ambalaj): 18 kg<\/div>\n<div>Dimensiuni bol: 240x240x150 mm<\/div>\n<div>Volum ambalaj: 0,09 m\u00b3<\/div>\n<div>Dimensiuni ambalaj: 440x355x570 mm<\/div>\n<div>2 moduri, temporizator si func\u021bionare continu\u0103<\/div>\n<div>Vitez\u0103 variabil\u0103<\/div>\n<div>Func\u021bie revers<\/div>\n<div>Cuplu constant la toate vitezele<\/div>\n<div>Rezisten\u021b\u0103 sporit\u0103 la ap\u0103<\/div>\n<div>Nivel de zgomot redus<\/div>\n<div>Micro\u00eentrerup\u0103toare de siguran\u021b\u0103 pe bol \u0219i capac<\/div>\n<div>Certificat NSF &#8211; garan\u021bie de siguran\u021b\u0103 \u0219i igien\u0103<br \/>\nBol din o\u021bel inoxidabil cu capac din policarbonat<\/div>\n<div>\u021aara de origine: Spania<\/div>\n","protected":false},"excerpt":{"rendered":"<p>Cutter. Capacitate: 5,5 litri; Vitez\u0103: 300 p\u00e2n\u0103 la 3000 rpm; Tensiune: 220 V; Putere: 1,5 kW; L\u0103\u021bime: 286 mm; Ad\u00e2ncime: 387 mm; \u00cen\u0103l\u021bime: 487 mm; Greutate (f\u0103r\u0103 ambalaj): 18 kg; Dimensiuni bol: 240x240x150 mm; Volum ambalaj: 0,09 m\u00b3; Dimensiuni ambalaj: 440x355x570 mm;<br \/>\n2 moduri, temporizator si func\u021bionare continu\u0103; Vitez\u0103 variabil\u0103; Func\u021bie revers; Cuplu constant la toate vitezele; Rezisten\u021b\u0103 sporit\u0103 la ap\u0103; Nivel de zgomot redus; Micro\u00eentrerup\u0103toare de siguran\u021b\u0103 pe bol \u0219i capac; Certificat NSF &#8211; garan\u021bie de siguran\u021b\u0103 \u0219i igien\u0103; Bol din o\u021bel inoxidabil cu capac din policarbonat; \u021aara de origine: Spania.<\/p>\n","protected":false},"featured_media":43222,"template":"","meta":[],"_links":{"self":[{"href":"https:\/\/evotek.md\/ro\/wp-json\/wp\/v2\/product\/43219"}],"collection":[{"href":"https:\/\/evotek.md\/ro\/wp-json\/wp\/v2\/product"}],"about":[{"href":"https:\/\/evotek.md\/ro\/wp-json\/wp\/v2\/types\/product"}],"wp:featuredmedia":[{"embeddable":true,"href":"https:\/\/evotek.md\/ro\/wp-json\/wp\/v2\/media\/43222"}],"wp:attachment":[{"href":"https:\/\/evotek.md\/ro\/wp-json\/wp\/v2\/media?parent=43219"}],"curies":[{"name":"wp","href":"https:\/\/api.w.org\/{rel}","templated":true}]}}