{"id":43188,"date":"2026-03-24T14:41:32","date_gmt":"2026-03-24T14:41:32","guid":{"rendered":"https:\/\/evotek.md\/?post_type=product&#038;p=43188"},"modified":"2026-03-24T14:42:28","modified_gmt":"2026-03-24T14:42:28","slug":"sammic-1010350","status":"publish","type":"product","link":"https:\/\/evotek.md\/ro\/produse\/piese-de-schimb\/piese-sammic\/sammic-1010350\/","title":{"rendered":"PIESA SAMMIC, CUTIT PENTRU FELIATOR DE LEGUME CA\/CK (CARTOFI PAI) 8 mm -SAMMIC-1010350"},"content":{"rendered":"<div><strong>PIESA SAMMIC, CUTIT PENTRU FELIATOR DE LEGUME CA\/CK (CARTOFI PAI) 8 mm -SAMMIC-1010350<\/strong><\/div>\n<div><\/div>\n<div>Discuri de tocat legume pentru feliatori de legume Sammic \u0219i feliatori \u0219i toc\u0103toare de legume combinate.<\/div>\n<div><\/div>\n<div>Caracteristici<\/div>\n<div>Grosimea feliei: 8 mm<\/div>\n<div>Diametrul discului: 220 mm<\/div>\n<div>Dimensiuni in ambalaj: 210x210x30 mm<\/div>\n<div>Gr\u0103tarele de t\u0103iat cartofi pr\u0103ji\u021bi FFC sunt utilizate \u00een combina\u021bie cu discurile de t\u0103iat cartofi pr\u0103ji\u021bi FC.<\/div>\n<div>Grosimea depinde de combina\u021bia disc-gr\u0103tar.<\/div>\n<div>Pentru feliatori CA-31 \/ CA-41 \/ CA-42 \/ CA-3V \/ CA-4V \/ CA-62 \/ CA-301 \/ CA-401 \/ CA-601. Pentru modelele combinate CK-35V \/ CK-38V \/ CK-45V \/ CK-48V \/ CK-301 \/ CK-302 \/ CK-401 \/ CK-402.<\/div>\n<div>*V\u0103 rug\u0103m s\u0103 re\u021bine\u021bi: FFC-10 poate fi utilizat doar cu feliatorul de legume CA-400. FFC-10+ poate fi utilizat cu feliatorul de legume CA-301.<\/div>\n","protected":false},"excerpt":{"rendered":"<div>Grosimea feliei: 8 mm; Diametrul discului: 220 mm; Dimensiuni in ambalaj: 210x210x30 mm; Gr\u0103tarele de t\u0103iat cartofi pr\u0103ji\u021bi FFC sunt utilizate \u00een combina\u021bie cu discurile de t\u0103iat cartofi pr\u0103ji\u021bi FC; Grosimea depinde de combina\u021bia disc-gr\u0103tar; Pentru feliatori CA-31 \/ CA-41 \/ CA-42 \/ CA-3V \/ CA-4V \/ CA-62 \/ CA-301 \/ CA-401 \/ CA-601. Pentru modelele combinate CK-35V \/ CK-38V \/ CK-45V \/ CK-48V \/ CK-301 \/ CK-302 \/ CK-401 \/ CK-402.<\/div>\n<div>*V\u0103 rug\u0103m s\u0103 re\u021bine\u021bi: FFC-10 poate fi utilizat doar cu feliatorul de legume CA-400. FFC-10+ poate fi utilizat cu feliatorul de legume CA-301.<\/div>\n","protected":false},"featured_media":43190,"template":"","meta":[],"_links":{"self":[{"href":"https:\/\/evotek.md\/ro\/wp-json\/wp\/v2\/product\/43188"}],"collection":[{"href":"https:\/\/evotek.md\/ro\/wp-json\/wp\/v2\/product"}],"about":[{"href":"https:\/\/evotek.md\/ro\/wp-json\/wp\/v2\/types\/product"}],"wp:featuredmedia":[{"embeddable":true,"href":"https:\/\/evotek.md\/ro\/wp-json\/wp\/v2\/media\/43190"}],"wp:attachment":[{"href":"https:\/\/evotek.md\/ro\/wp-json\/wp\/v2\/media?parent=43188"}],"curies":[{"name":"wp","href":"https:\/\/api.w.org\/{rel}","templated":true}]}}