{"id":43158,"date":"2026-03-24T13:37:02","date_gmt":"2026-03-24T13:37:02","guid":{"rendered":"https:\/\/evotek.md\/?post_type=product&#038;p=43158"},"modified":"2026-03-24T14:12:51","modified_gmt":"2026-03-24T14:12:51","slug":"sammic-1010205","status":"publish","type":"product","link":"https:\/\/evotek.md\/ro\/produse\/piese-de-schimb\/piese-sammic\/sammic-1010205\/","title":{"rendered":"PIESA SAMMIC, CUTIT PENTRU FELIATOR DE LEGUME FCE-2+ (FELIERE) 2 mm -SAMMIC-1010205"},"content":{"rendered":"<p><strong>PIESA SAMMIC, CUTIT PENTRU FELIATOR DE LEGUME FCE-2+ (FELIERE) 2 mm -SAMMIC-1010205<\/strong><\/p>\n<p>Disc cutit pentru feliatoarele de legume Sammic.<\/p>\n<p>Caracteristici<br \/>\nGrosimea feliei: 2 mm<br \/>\nDiametru disc: 205 mm<br \/>\nDimensiuni in ambalaj: 210x210x30 mm<br \/>\nDiscuri pentru t\u0103ierea cartofilor pai, a f\u00e2\u0219iilor sau be\u021bi\u0219oarelor de cartofi, a morcovilor, a \u021belinei, a sfeclei ro\u0219ii etc.<br \/>\nGrosimea depinde de discul utilizat.<br \/>\nModelele FCE-2+ \/ FCE-4+ \u0219i FCE-5x5G sunt echipate cu dou\u0103 lame.<br \/>\nModelul FCE-8+ este echipat cu o singur\u0103 lam\u0103.<br \/>\nPentru felioarele CA-31\/CA-41\/CA-42\/CA-3V\/CA-4V\/CA-62\/CA-301\/CA-300\/CA-401\/CA-400\/CA-601 \u0219i accesoriile CR-143.<br \/>\nPentru modele combinate CK-35V\/CK-38V\/CK-45V\/CK-48V\/CK-301\/CK-302\/CK-401\/CK-402.<\/p>\n","protected":false},"excerpt":{"rendered":"<p>Grosimea feliei: 2 mm; Diametru disc: 205 mm; Dimensiuni in ambalaj: 210x210x30 mm; Discuri pentru t\u0103ierea cartofilor pai, a f\u00e2\u0219iilor sau be\u021bi\u0219oarelor de cartofi, a morcovilor, a \u021belinei, a sfeclei ro\u0219ii etc.; Grosimea depinde de discul utilizat; Modelele FCE-2+ \/ FCE-4+ \u0219i FCE-5x5G sunt echipate cu dou\u0103 lame; Modelul FCE-8+ este echipat cu o singur\u0103 lam\u0103; Pentru felioarele CA-31\/CA-41\/CA-42\/CA-3V\/CA-4V\/CA-62\/CA-301\/CA-300\/CA-401\/CA-400\/CA-601 \u0219i accesoriile CR-143; Pentru modele combinate CK-35V\/CK-38V\/CK-45V\/CK-48V\/CK-301\/CK-302\/CK-401\/CK-402.<\/p>\n","protected":false},"featured_media":43160,"template":"","meta":[],"_links":{"self":[{"href":"https:\/\/evotek.md\/ro\/wp-json\/wp\/v2\/product\/43158"}],"collection":[{"href":"https:\/\/evotek.md\/ro\/wp-json\/wp\/v2\/product"}],"about":[{"href":"https:\/\/evotek.md\/ro\/wp-json\/wp\/v2\/types\/product"}],"wp:featuredmedia":[{"embeddable":true,"href":"https:\/\/evotek.md\/ro\/wp-json\/wp\/v2\/media\/43160"}],"wp:attachment":[{"href":"https:\/\/evotek.md\/ro\/wp-json\/wp\/v2\/media?parent=43158"}],"curies":[{"name":"wp","href":"https:\/\/api.w.org\/{rel}","templated":true}]}}