{"id":43154,"date":"2026-03-24T13:29:56","date_gmt":"2026-03-24T13:29:56","guid":{"rendered":"https:\/\/evotek.md\/?post_type=product&#038;p=43154"},"modified":"2026-03-24T14:14:13","modified_gmt":"2026-03-24T14:14:13","slug":"sammic-1010323","status":"publish","type":"product","link":"https:\/\/evotek.md\/ro\/produse\/piese-de-schimb\/piese-sammic\/sammic-1010323\/","title":{"rendered":"PIESA SAMMIC, CUTIT PENTRU FELIATOR DE LEGUME SH-5 (RAZATOARE) 5 mm -SAMMIC-1010323"},"content":{"rendered":"<p><strong>PIESA SAMMIC, CUTIT PENTRU FELIATOR DE LEGUME SH-5 (RAZATOARE) 5 mm -SAMMIC-1010323<\/strong><br \/>\nDisc r\u0103z\u0103toare pentru feliator de legume SH-5.<\/p>\n<p>Caracteristici<br \/>\nGrosimea feliei: 5 mm<br \/>\nDimensiuni in cutie: 210x210x35 mm<br \/>\nDiscuri pentru m\u0103run\u021birea legumelor, br\u00e2nzei, p\u00e2inii, nucilor, migdalelor etc.<br \/>\nR\u0103z\u0103toare cu nisip pentru r\u0103zuirea p\u00e2inii, br\u00e2nzei tari, ciocolatei etc.<br \/>\nConceput pentru t\u0103ieri foarte precise.<br \/>\nSe poate sp\u0103la \u00een ma\u0219ina de sp\u0103lat vase.<br \/>\nPentru feliatoarele CA-31\/CA-41\/CA-42\/CA-3V\/CA-4V\/CA-62\/CA-301\/CA-300\/CA-401\/CA-400\/CA-601 \u0219i accesoriul CR-143.<br \/>\nPentru modelele combinate CK-35V\/CK-38V\/CK-45V\/CK-48V\/CK-301\/CK-302\/CK-401\/CK-402.<\/p>\n","protected":false},"excerpt":{"rendered":"<p>Grosimea feliei: 5 mm; Dimensiuni in cutie: 210x210x35 mm; Discuri pentru m\u0103run\u021birea legumelor, br\u00e2nzei, p\u00e2inii, nucilor, migdalelor etc.; R\u0103z\u0103toare cu nisip pentru r\u0103zuirea p\u00e2inii, br\u00e2nzei tari, ciocolatei etc.; Conceput pentru t\u0103ieri foarte precise; Se poate sp\u0103la \u00een ma\u0219ina de sp\u0103lat vase; Pentru feliatoarele CA-31\/CA-41\/CA-42\/CA-3V\/CA-4V\/CA-62\/CA-301\/CA-300\/CA-401\/CA-400\/CA-601 \u0219i accesoriul CR-143; Pentru modelele combinate CK-35V\/CK-38V\/CK-45V\/CK-48V\/CK-301\/CK-302\/CK-401\/CK-402.<\/p>\n","protected":false},"featured_media":43156,"template":"","meta":[],"_links":{"self":[{"href":"https:\/\/evotek.md\/ro\/wp-json\/wp\/v2\/product\/43154"}],"collection":[{"href":"https:\/\/evotek.md\/ro\/wp-json\/wp\/v2\/product"}],"about":[{"href":"https:\/\/evotek.md\/ro\/wp-json\/wp\/v2\/types\/product"}],"wp:featuredmedia":[{"embeddable":true,"href":"https:\/\/evotek.md\/ro\/wp-json\/wp\/v2\/media\/43156"}],"wp:attachment":[{"href":"https:\/\/evotek.md\/ro\/wp-json\/wp\/v2\/media?parent=43154"}],"curies":[{"name":"wp","href":"https:\/\/api.w.org\/{rel}","templated":true}]}}