{"id":43138,"date":"2026-03-24T12:03:45","date_gmt":"2026-03-24T12:03:45","guid":{"rendered":"https:\/\/evotek.md\/?post_type=product&#038;p=43138"},"modified":"2026-03-24T12:51:51","modified_gmt":"2026-03-24T12:51:51","slug":"sammic-1010318","status":"publish","type":"product","link":"https:\/\/evotek.md\/ro\/produse\/piese-de-schimb\/piese-sammic\/sammic-1010318\/","title":{"rendered":"PIESA SAMMIC, CUTIT PENTRU FELIATOR DE LEGUME SHF (RAZATOARE FINA) -SAMMIC-1010318"},"content":{"rendered":"<div><strong>PIESA SAMMIC, CUTIT PENTRU FELIATOR DE LEGUME SHF (RAZATOARE FINA) -SAMMIC-1010318<\/strong><\/div>\n<div>Disc pentru feliator de legume SHF cu r\u0103z\u0103toare fin\u0103.<\/div>\n<div><\/div>\n<div>Caracteristici<\/div>\n<div>Disc pentru m\u0103run\u021birea legumelor, br\u00e2nz\u0103, p\u00e2ine, nuci, migdale etc.<\/div>\n<div>R\u0103z\u0103toare abraziva pentru r\u0103zuirea p\u00e2inii, br\u00e2nzei tari, ciocolatei etc.<\/div>\n<div>Conceput pentru t\u0103ieri foarte precise.<\/div>\n<div>Se poate sp\u0103la \u00een ma\u0219ina de sp\u0103lat vase.<\/div>\n<div>Pentru feliatoarele CA-31\/CA-41\/CA-42\/CA-3V\/CA-4V\/CA-62\/CA-301\/CA-300\/CA-401\/CA-400\/CA-601 \u0219i accesoriul CR-143.<br \/>\nPentru modelele combinate CK-35V \/ CK-38V \/ CK-45V \/ CK-48V \/ CK-301 \/ CK-302 \/ CK-401 \/ CK-402.<\/div>\n","protected":false},"excerpt":{"rendered":"<div>Disc pentru m\u0103run\u021birea legumelor, br\u00e2nz\u0103, p\u00e2ine, nuci, migdale etc.; R\u0103z\u0103toare abraziva pentru r\u0103zuirea p\u00e2inii, br\u00e2nzei tari, ciocolatei etc.; Conceput pentru t\u0103ieri foarte precise;\u00a0Se poate sp\u0103la \u00een ma\u0219ina de sp\u0103lat vase;\u00a0Pentru feliatoarele CA-31\/CA-41\/CA-42\/CA-3V\/CA-4V\/CA-62\/CA-301\/CA-300\/CA-401\/CA-400\/CA-601 \u0219i accesoriul CR-143; Pentru modelele combinate CK-35V \/ CK-38V \/ CK-45V \/ CK-48V \/ CK-301 \/ CK-302 \/ CK-401 \/ CK-402.<\/div>\n","protected":false},"featured_media":43140,"template":"","meta":[],"_links":{"self":[{"href":"https:\/\/evotek.md\/ro\/wp-json\/wp\/v2\/product\/43138"}],"collection":[{"href":"https:\/\/evotek.md\/ro\/wp-json\/wp\/v2\/product"}],"about":[{"href":"https:\/\/evotek.md\/ro\/wp-json\/wp\/v2\/types\/product"}],"wp:featuredmedia":[{"embeddable":true,"href":"https:\/\/evotek.md\/ro\/wp-json\/wp\/v2\/media\/43140"}],"wp:attachment":[{"href":"https:\/\/evotek.md\/ro\/wp-json\/wp\/v2\/media?parent=43138"}],"curies":[{"name":"wp","href":"https:\/\/api.w.org\/{rel}","templated":true}]}}