{"id":43133,"date":"2026-03-23T19:16:05","date_gmt":"2026-03-23T19:16:05","guid":{"rendered":"https:\/\/evotek.md\/?post_type=product&#038;p=43133"},"modified":"2026-03-24T14:20:21","modified_gmt":"2026-03-24T14:20:21","slug":"sammic-1010390","status":"publish","type":"product","link":"https:\/\/evotek.md\/ro\/produse\/piese-de-schimb\/piese-sammic\/sammic-1010390\/","title":{"rendered":"PIESA SAMMIC, CUTIT PENTRU FELIATOR DE LEGUME FP (ZDROBITOR PIURE) 10 mm -SAMMIC-1010390"},"content":{"rendered":"<div><strong>PIESA SAMMIC, CUTIT PENTRU FELIATOR DE LEGUME FP (ZDROBITOR PIURE) 10 mm -SAMMIC-1010390<\/strong><\/div>\n<div>Setul de accesorii Sammic FP+ este utilizat \u00een unit\u0103\u021bile de alimenta\u021bie public\u0103 \u0219i comer\u021b, \u00eempreun\u0103 cu discuri de feliere pentru a face piure de cartofi \u00een feliatoarele de legume \u0219i robotele de buc\u0103t\u0103rie.<\/div>\n<div><\/div>\n<div>Caracteristici<\/div>\n<div>Compatibilitate: pentru CA-31 \/ CA-41 \/ CA-42 \/ CA-62 \/ CA-3V \/ CA-4V \u0219i CK-35V \/ CK-38V \/ CK-45V \/ CK-48V<\/div>\n<div>Tip de feliere: zdrobitor<\/div>\n<div>Necesar pentru utilizarea cu un disc de feliat, diametrul recomandat al discului: 10 mm sau mai mare<\/div>\n<div>\n<div>Trebuie utilizat cu un disc de feliere de p\u00e2n\u0103 la 14 mm (recomandat pentru utilizare cu FC-10D sau FC-14D)<\/div>\n<div><\/div>\n<div><\/div>\n<\/div>\n","protected":false},"excerpt":{"rendered":"<div>Compatibilitate: pentru CA-31 \/ CA-41 \/ CA-42 \/ CA-62 \/ CA-3V \/ CA-4V \u0219i CK-35V \/ CK-38V \/ CK-45V \/ CK-48V; Tip de feliere: zdrobitor; Necesar pentru utilizarea cu un disc de feliat, diametrul recomandat al discului: 10 mm sau mai mare; Trebuie utilizat cu un disc de feliere de p\u00e2n\u0103 la 14 mm (recomandat pentru utilizare cu FC-10D sau FC-14D).<\/div>\n","protected":false},"featured_media":43136,"template":"","meta":[],"_links":{"self":[{"href":"https:\/\/evotek.md\/ro\/wp-json\/wp\/v2\/product\/43133"}],"collection":[{"href":"https:\/\/evotek.md\/ro\/wp-json\/wp\/v2\/product"}],"about":[{"href":"https:\/\/evotek.md\/ro\/wp-json\/wp\/v2\/types\/product"}],"wp:featuredmedia":[{"embeddable":true,"href":"https:\/\/evotek.md\/ro\/wp-json\/wp\/v2\/media\/43136"}],"wp:attachment":[{"href":"https:\/\/evotek.md\/ro\/wp-json\/wp\/v2\/media?parent=43133"}],"curies":[{"name":"wp","href":"https:\/\/api.w.org\/{rel}","templated":true}]}}